{"id":1085,"date":"2023-12-14T13:34:44","date_gmt":"2023-12-14T12:34:44","guid":{"rendered":"https:\/\/beautifullcostadelsol.com\/?post_type=product&#038;p=1085"},"modified":"2024-11-11T13:47:24","modified_gmt":"2024-11-11T12:47:24","slug":"faja-levanta-cola-estraple-extra-corto","status":"publish","type":"product","link":"https:\/\/beautifullcostadelsol.com\/index.php\/product\/faja-levanta-cola-estraple-extra-corto\/","title":{"rendered":"Faja Levanta Cola Estraple Extra Corto"},"content":{"rendered":"<p>Descubre la aut\u00e9ntica elegancia con nuestra Faja Colombiana, una joya de las fajas post parto y reductoras para vestidos en Espa\u00f1a. Confeccionada en powernet de alta compresi\u00f3n y costuras planas para m\u00e1xima discreci\u00f3n, este imprescindible cuenta con un estraple con contorno siliconado para adherirse perfectamente en la espalda. Adem\u00e1s, incluye una tira removible y un cierre plano en el centro abdominal para una compresi\u00f3n ajustada.<\/p>\n<p>El estraple con contorno siliconado se ajusta perfectamente en la espalda, con la opci\u00f3n de una tira removible. Realza tus gl\u00fateos de forma natural para lucir tus outfits cortos con confianza. Adem\u00e1s, la tecnolog\u00eda inteligente con microc\u00e1psulas de Gingo Biloba, algas marinas, cosmacol EMi y Vitamina E cuida tu piel durante el uso. Disponible en colores beige y estampada. \u00a1Transforma tu figura con nuestra faja de calidad y si\u00e9ntete segura en cualquier ocasi\u00f3n!<\/p>\n<p>Experimenta la tecnolog\u00eda inteligente con microc\u00e1psulas de Gingo Biloba, algas marinas, cosmacol EMi y Vitamina E, que trabajan arduamente para reafirmar, adelgazar e hidratar tu piel mientras la usas. Realza tus gl\u00fateos de forma natural y deslumbra con tus outfits cortos.<\/p>\n<p>Nuestra Faja Colombiana original es el toque perfecto para tu estilo. Ten en cuenta que los colores pueden variar ligeramente por el perfil de colores de la pantalla. Transforma tu figura con la calidad y estilo incomparables de nuestras fajas colombianas. \u00a1Haz una declaraci\u00f3n de belleza y confianza en cada ocasi\u00f3n!<\/p>\n","protected":false},"excerpt":{"rendered":"<p>Descubre la elegancia y comodidad de nuestra faja post parto y reductora para vestidos, una aut\u00e9ntica representante de las fajas colombianas originales en Espa\u00f1a. Hecha de powernet de alta compresi\u00f3n con costuras planas, proporciona discreci\u00f3n y realza tu figura con estilo.<\/p>\n<p>&nbsp;<\/p>\n","protected":false},"featured_media":1088,"comment_status":"open","ping_status":"closed","template":"","meta":{"_joinchat":[]},"product_cat":[77,56,63],"product_tag":[58,64,69,85],"yoast_head":"<!-- This site is optimized with the Yoast SEO plugin v23.5 - https:\/\/yoast.com\/wordpress\/plugins\/seo\/ -->\n<title>Faja Levanta Cola Estraple Extra Corto - Fajas Colombianas Beautifull Costa del Sol<\/title>\n<meta name=\"robots\" content=\"index, follow, max-snippet:-1, max-image-preview:large, max-video-preview:-1\" \/>\n<link rel=\"canonical\" href=\"https:\/\/beautifullcostadelsol.com\/index.php\/product\/faja-levanta-cola-estraple-extra-corto\/\" \/>\n<meta property=\"og:locale\" content=\"es_ES\" \/>\n<meta property=\"og:type\" content=\"article\" \/>\n<meta property=\"og:title\" content=\"Faja Levanta Cola Estraple Extra Corto - Fajas Colombianas Beautifull Costa del Sol\" \/>\n<meta property=\"og:description\" content=\"Descubre la elegancia y comodidad de nuestra faja post parto y reductora para vestidos, una aut\u00e9ntica representante de las fajas colombianas originales en Espa\u00f1a. Hecha de powernet de alta compresi\u00f3n con costuras planas, proporciona discreci\u00f3n y realza tu figura con estilo.  &nbsp;\" \/>\n<meta property=\"og:url\" content=\"https:\/\/beautifullcostadelsol.com\/index.php\/product\/faja-levanta-cola-estraple-extra-corto\/\" \/>\n<meta property=\"og:site_name\" content=\"Fajas Colombianas Beautifull Costa del Sol\" \/>\n<meta property=\"article:modified_time\" content=\"2024-11-11T12:47:24+00:00\" \/>\n<meta property=\"og:image\" content=\"https:\/\/beautifullcostadelsol.com\/wp-content\/uploads\/2023\/12\/faja-levanta-cola-estraple-extra-corto-071651-3.jpg\" \/>\n\t<meta property=\"og:image:width\" content=\"915\" \/>\n\t<meta property=\"og:image:height\" content=\"1109\" \/>\n\t<meta property=\"og:image:type\" content=\"image\/jpeg\" \/>\n<meta name=\"twitter:card\" content=\"summary_large_image\" \/>\n<meta name=\"twitter:label1\" content=\"Tiempo de lectura\" \/>\n\t<meta name=\"twitter:data1\" content=\"2 minutos\" \/>\n<script type=\"application\/ld+json\" class=\"yoast-schema-graph\">{\"@context\":\"https:\/\/schema.org\",\"@graph\":[{\"@type\":\"WebPage\",\"@id\":\"https:\/\/beautifullcostadelsol.com\/index.php\/product\/faja-levanta-cola-estraple-extra-corto\/\",\"url\":\"https:\/\/beautifullcostadelsol.com\/index.php\/product\/faja-levanta-cola-estraple-extra-corto\/\",\"name\":\"Faja Levanta Cola Estraple Extra Corto - Fajas Colombianas Beautifull Costa del Sol\",\"isPartOf\":{\"@id\":\"https:\/\/beautifullcostadelsol.com\/#website\"},\"primaryImageOfPage\":{\"@id\":\"https:\/\/beautifullcostadelsol.com\/index.php\/product\/faja-levanta-cola-estraple-extra-corto\/#primaryimage\"},\"image\":{\"@id\":\"https:\/\/beautifullcostadelsol.com\/index.php\/product\/faja-levanta-cola-estraple-extra-corto\/#primaryimage\"},\"thumbnailUrl\":\"https:\/\/beautifullcostadelsol.com\/wp-content\/uploads\/2023\/12\/faja-levanta-cola-estraple-extra-corto-071651-3.jpg\",\"datePublished\":\"2023-12-14T12:34:44+00:00\",\"dateModified\":\"2024-11-11T12:47:24+00:00\",\"breadcrumb\":{\"@id\":\"https:\/\/beautifullcostadelsol.com\/index.php\/product\/faja-levanta-cola-estraple-extra-corto\/#breadcrumb\"},\"inLanguage\":\"es\",\"potentialAction\":[{\"@type\":\"ReadAction\",\"target\":[\"https:\/\/beautifullcostadelsol.com\/index.php\/product\/faja-levanta-cola-estraple-extra-corto\/\"]}]},{\"@type\":\"ImageObject\",\"inLanguage\":\"es\",\"@id\":\"https:\/\/beautifullcostadelsol.com\/index.php\/product\/faja-levanta-cola-estraple-extra-corto\/#primaryimage\",\"url\":\"https:\/\/beautifullcostadelsol.com\/wp-content\/uploads\/2023\/12\/faja-levanta-cola-estraple-extra-corto-071651-3.jpg\",\"contentUrl\":\"https:\/\/beautifullcostadelsol.com\/wp-content\/uploads\/2023\/12\/faja-levanta-cola-estraple-extra-corto-071651-3.jpg\",\"width\":915,\"height\":1109,\"caption\":\"fajas moldeadoras fajas colombianas fajas reductoras para vestidos fajas colombianas madrid fajas reductoras de cintura y abdomen la mejor faja para disimular barriga fajas colombianas amazon fajas reductoras abdomen fajas reductoras de abdomen decathlon fajas colombianas en espa\u00f1a fajas colombianas originales fajas colombianas salome fajas reductoras abdomen intimissimi fajas colombianas el corte ingl\u00e9s fajas moldeadoras colombianas fajas colombianas reductoras abdomen las mejores fajas reductoras colombianas fajas colombianas baratas fajas colombianas post operatorias fajas reductoras de cintura y abdomen colombianas fajas colombianas en sevilla fajas moldeadoras para vestidos fajas moldeadoras amazon fajas moldeadoras primark fajas reductoras de cintura y abdomen para hombres fajas reductoras de cintura y abdomen amazon fajas moldeadoras de cintura fajas moldeadoras hombre fajas colombianas fajas colombianas reductoras fajas reductoras colombianas fajas colombianas en madrid fajas colombianas madrid amazon fajas colombianas fajas colombianas amazon fajas colombianas en amazon fajas colombianas en barcelona fajas colombianas barcelona fajas colombianas en espa\u00f1a fajas colombianas espa\u00f1a fajas colombianas originales fajas colombianas antes y despu\u00e9s fajas colombianas antes y despues fajas colombianas salome salome fajas colombianas fajas moldeadoras colombianas fajas colombianas moldeadoras fajas postparto colombianas fajas colombianas en valencia fajas colombianas postparto fajas post parto colombianas fajas colombianas contrareembolso fajas colombianas valencia fajas colombianas tenerife fajas colombianas leonisa tienda de fajas fajas post quirurgicas faja abdominal postoperatoria faja abdominal mujer abdominoplastia faja muy apretada es bueno usar faja para hernia umbilical faja para hernia abdominal mujer faja post operatoria farmacia faja umbilical adulto farmacia faja hernia umbilical farmacia faja tubular abdominal postoperatoria faja abdominal postoperatoria mujer faja post quir\u00fargica abdominal fajas post operatorias abdominoplastia fajas post operatorias lipoescultura faja abdominal decathlon faja abdominoplastia ortopedia mejores fajas post liposucci\u00f3n faja post operatoria hernia umbilical faja post liposucci\u00f3n piernas faja liposucci\u00f3n mujer faja para hernia umbilical adultos fajas abdominales postoperatorias para hombres fajas postquirurgicas espa\u00f1a faja abdominoplastia voe faja abdominal postoperatoria para que sirve faja post quir\u00fargica abdominoplastia fajas post operatorias espa\u00f1a faja post liposucci\u00f3n cu\u00e1nto tiempo ortopedia fajas liposucci\u00f3n fajas post operatorias barcelona fajas post parto fajas colombianas fajas post operatorio fajas post parto ces\u00e1rea faja postparto tubular faja postparto farmacia faja post ces\u00e1rea farmacia fajas post parto tubulares fajas postparto farmacia faja tubular decathlon mejor faja postparto mejores fajas post parto fajas postparto para recuperar la figura faja tubular abdominal faja tubular farmacia faja post parto chicco a los cuantos d\u00edas despu\u00e9s del parto puedo usar faja faja postparto chicco fajas post parto colombianas faja embarazo carrefour faja postparto carrefour las mejores fajas reductoras colombianas fajas post parto ces\u00e1rea opiniones faja postparto opiniones fajas post parto opiniones fajas post parto amazon faja postparto prenatal faja tubular postoperatoria faja despu\u00e9s del parto si o no faja postparto el corte ingl\u00e9s mejor faja postparto ces\u00e1rea faja postparto ces\u00e1rea farmacia faja postparto farmalastic faja tubular postparto ces\u00e1rea faja postparto cesarea amazon fajas post parto farmacia sujetadores postoperatorio sujetador postoperatorio farmacia sujetador postoperatorio dorsia me aprieta mucho el sujetador postoperatorio sujetador postoperatorio recomendado mejor sujetador postoperatorio aumento pecho\"},{\"@type\":\"BreadcrumbList\",\"@id\":\"https:\/\/beautifullcostadelsol.com\/index.php\/product\/faja-levanta-cola-estraple-extra-corto\/#breadcrumb\",\"itemListElement\":[{\"@type\":\"ListItem\",\"position\":1,\"name\":\"Portada\",\"item\":\"https:\/\/beautifullcostadelsol.com\/\"},{\"@type\":\"ListItem\",\"position\":2,\"name\":\"Tienda\",\"item\":\"https:\/\/beautifullcostadelsol.com\/index.php\/tienda\/\"},{\"@type\":\"ListItem\",\"position\":3,\"name\":\"Faja Levanta Cola Estraple Extra Corto\"}]},{\"@type\":\"WebSite\",\"@id\":\"https:\/\/beautifullcostadelsol.com\/#website\",\"url\":\"https:\/\/beautifullcostadelsol.com\/\",\"name\":\"Fajas Colombianas Beautifull Costa del Sol\",\"description\":\"Moldeadoras, Reductoras, Post Quir\u00fargicas, Post Parto\",\"publisher\":{\"@id\":\"https:\/\/beautifullcostadelsol.com\/#organization\"},\"potentialAction\":[{\"@type\":\"SearchAction\",\"target\":{\"@type\":\"EntryPoint\",\"urlTemplate\":\"https:\/\/beautifullcostadelsol.com\/?s={search_term_string}\"},\"query-input\":{\"@type\":\"PropertyValueSpecification\",\"valueRequired\":true,\"valueName\":\"search_term_string\"}}],\"inLanguage\":\"es\"},{\"@type\":\"Organization\",\"@id\":\"https:\/\/beautifullcostadelsol.com\/#organization\",\"name\":\"Fajas Colombianas Beautifull Costa del Sol\",\"url\":\"https:\/\/beautifullcostadelsol.com\/\",\"logo\":{\"@type\":\"ImageObject\",\"inLanguage\":\"es\",\"@id\":\"https:\/\/beautifullcostadelsol.com\/#\/schema\/logo\/image\/\",\"url\":\"\",\"contentUrl\":\"\",\"caption\":\"Fajas Colombianas Beautifull Costa del Sol\"},\"image\":{\"@id\":\"https:\/\/beautifullcostadelsol.com\/#\/schema\/logo\/image\/\"}}]}<\/script>\n<!-- \/ Yoast SEO plugin. -->","yoast_head_json":{"title":"Faja Levanta Cola Estraple Extra Corto - Fajas Colombianas Beautifull Costa del Sol","robots":{"index":"index","follow":"follow","max-snippet":"max-snippet:-1","max-image-preview":"max-image-preview:large","max-video-preview":"max-video-preview:-1"},"canonical":"https:\/\/beautifullcostadelsol.com\/index.php\/product\/faja-levanta-cola-estraple-extra-corto\/","og_locale":"es_ES","og_type":"article","og_title":"Faja Levanta Cola Estraple Extra Corto - Fajas Colombianas Beautifull Costa del Sol","og_description":"Descubre la elegancia y comodidad de nuestra faja post parto y reductora para vestidos, una aut\u00e9ntica representante de las fajas colombianas originales en Espa\u00f1a. Hecha de powernet de alta compresi\u00f3n con costuras planas, proporciona discreci\u00f3n y realza tu figura con estilo.  &nbsp;","og_url":"https:\/\/beautifullcostadelsol.com\/index.php\/product\/faja-levanta-cola-estraple-extra-corto\/","og_site_name":"Fajas Colombianas Beautifull Costa del Sol","article_modified_time":"2024-11-11T12:47:24+00:00","og_image":[{"width":915,"height":1109,"url":"https:\/\/beautifullcostadelsol.com\/wp-content\/uploads\/2023\/12\/faja-levanta-cola-estraple-extra-corto-071651-3.jpg","type":"image\/jpeg"}],"twitter_card":"summary_large_image","twitter_misc":{"Tiempo de lectura":"2 minutos"},"schema":{"@context":"https:\/\/schema.org","@graph":[{"@type":"WebPage","@id":"https:\/\/beautifullcostadelsol.com\/index.php\/product\/faja-levanta-cola-estraple-extra-corto\/","url":"https:\/\/beautifullcostadelsol.com\/index.php\/product\/faja-levanta-cola-estraple-extra-corto\/","name":"Faja Levanta Cola Estraple Extra Corto - Fajas Colombianas Beautifull Costa del Sol","isPartOf":{"@id":"https:\/\/beautifullcostadelsol.com\/#website"},"primaryImageOfPage":{"@id":"https:\/\/beautifullcostadelsol.com\/index.php\/product\/faja-levanta-cola-estraple-extra-corto\/#primaryimage"},"image":{"@id":"https:\/\/beautifullcostadelsol.com\/index.php\/product\/faja-levanta-cola-estraple-extra-corto\/#primaryimage"},"thumbnailUrl":"https:\/\/beautifullcostadelsol.com\/wp-content\/uploads\/2023\/12\/faja-levanta-cola-estraple-extra-corto-071651-3.jpg","datePublished":"2023-12-14T12:34:44+00:00","dateModified":"2024-11-11T12:47:24+00:00","breadcrumb":{"@id":"https:\/\/beautifullcostadelsol.com\/index.php\/product\/faja-levanta-cola-estraple-extra-corto\/#breadcrumb"},"inLanguage":"es","potentialAction":[{"@type":"ReadAction","target":["https:\/\/beautifullcostadelsol.com\/index.php\/product\/faja-levanta-cola-estraple-extra-corto\/"]}]},{"@type":"ImageObject","inLanguage":"es","@id":"https:\/\/beautifullcostadelsol.com\/index.php\/product\/faja-levanta-cola-estraple-extra-corto\/#primaryimage","url":"https:\/\/beautifullcostadelsol.com\/wp-content\/uploads\/2023\/12\/faja-levanta-cola-estraple-extra-corto-071651-3.jpg","contentUrl":"https:\/\/beautifullcostadelsol.com\/wp-content\/uploads\/2023\/12\/faja-levanta-cola-estraple-extra-corto-071651-3.jpg","width":915,"height":1109,"caption":"fajas moldeadoras fajas colombianas fajas reductoras para vestidos fajas colombianas madrid fajas reductoras de cintura y abdomen la mejor faja para disimular barriga fajas colombianas amazon fajas reductoras abdomen fajas reductoras de abdomen decathlon fajas colombianas en espa\u00f1a fajas colombianas originales fajas colombianas salome fajas reductoras abdomen intimissimi fajas colombianas el corte ingl\u00e9s fajas moldeadoras colombianas fajas colombianas reductoras abdomen las mejores fajas reductoras colombianas fajas colombianas baratas fajas colombianas post operatorias fajas reductoras de cintura y abdomen colombianas fajas colombianas en sevilla fajas moldeadoras para vestidos fajas moldeadoras amazon fajas moldeadoras primark fajas reductoras de cintura y abdomen para hombres fajas reductoras de cintura y abdomen amazon fajas moldeadoras de cintura fajas moldeadoras hombre fajas colombianas fajas colombianas reductoras fajas reductoras colombianas fajas colombianas en madrid fajas colombianas madrid amazon fajas colombianas fajas colombianas amazon fajas colombianas en amazon fajas colombianas en barcelona fajas colombianas barcelona fajas colombianas en espa\u00f1a fajas colombianas espa\u00f1a fajas colombianas originales fajas colombianas antes y despu\u00e9s fajas colombianas antes y despues fajas colombianas salome salome fajas colombianas fajas moldeadoras colombianas fajas colombianas moldeadoras fajas postparto colombianas fajas colombianas en valencia fajas colombianas postparto fajas post parto colombianas fajas colombianas contrareembolso fajas colombianas valencia fajas colombianas tenerife fajas colombianas leonisa tienda de fajas fajas post quirurgicas faja abdominal postoperatoria faja abdominal mujer abdominoplastia faja muy apretada es bueno usar faja para hernia umbilical faja para hernia abdominal mujer faja post operatoria farmacia faja umbilical adulto farmacia faja hernia umbilical farmacia faja tubular abdominal postoperatoria faja abdominal postoperatoria mujer faja post quir\u00fargica abdominal fajas post operatorias abdominoplastia fajas post operatorias lipoescultura faja abdominal decathlon faja abdominoplastia ortopedia mejores fajas post liposucci\u00f3n faja post operatoria hernia umbilical faja post liposucci\u00f3n piernas faja liposucci\u00f3n mujer faja para hernia umbilical adultos fajas abdominales postoperatorias para hombres fajas postquirurgicas espa\u00f1a faja abdominoplastia voe faja abdominal postoperatoria para que sirve faja post quir\u00fargica abdominoplastia fajas post operatorias espa\u00f1a faja post liposucci\u00f3n cu\u00e1nto tiempo ortopedia fajas liposucci\u00f3n fajas post operatorias barcelona fajas post parto fajas colombianas fajas post operatorio fajas post parto ces\u00e1rea faja postparto tubular faja postparto farmacia faja post ces\u00e1rea farmacia fajas post parto tubulares fajas postparto farmacia faja tubular decathlon mejor faja postparto mejores fajas post parto fajas postparto para recuperar la figura faja tubular abdominal faja tubular farmacia faja post parto chicco a los cuantos d\u00edas despu\u00e9s del parto puedo usar faja faja postparto chicco fajas post parto colombianas faja embarazo carrefour faja postparto carrefour las mejores fajas reductoras colombianas fajas post parto ces\u00e1rea opiniones faja postparto opiniones fajas post parto opiniones fajas post parto amazon faja postparto prenatal faja tubular postoperatoria faja despu\u00e9s del parto si o no faja postparto el corte ingl\u00e9s mejor faja postparto ces\u00e1rea faja postparto ces\u00e1rea farmacia faja postparto farmalastic faja tubular postparto ces\u00e1rea faja postparto cesarea amazon fajas post parto farmacia sujetadores postoperatorio sujetador postoperatorio farmacia sujetador postoperatorio dorsia me aprieta mucho el sujetador postoperatorio sujetador postoperatorio recomendado mejor sujetador postoperatorio aumento pecho"},{"@type":"BreadcrumbList","@id":"https:\/\/beautifullcostadelsol.com\/index.php\/product\/faja-levanta-cola-estraple-extra-corto\/#breadcrumb","itemListElement":[{"@type":"ListItem","position":1,"name":"Portada","item":"https:\/\/beautifullcostadelsol.com\/"},{"@type":"ListItem","position":2,"name":"Tienda","item":"https:\/\/beautifullcostadelsol.com\/index.php\/tienda\/"},{"@type":"ListItem","position":3,"name":"Faja Levanta Cola Estraple Extra Corto"}]},{"@type":"WebSite","@id":"https:\/\/beautifullcostadelsol.com\/#website","url":"https:\/\/beautifullcostadelsol.com\/","name":"Fajas Colombianas Beautifull Costa del Sol","description":"Moldeadoras, Reductoras, Post Quir\u00fargicas, Post Parto","publisher":{"@id":"https:\/\/beautifullcostadelsol.com\/#organization"},"potentialAction":[{"@type":"SearchAction","target":{"@type":"EntryPoint","urlTemplate":"https:\/\/beautifullcostadelsol.com\/?s={search_term_string}"},"query-input":{"@type":"PropertyValueSpecification","valueRequired":true,"valueName":"search_term_string"}}],"inLanguage":"es"},{"@type":"Organization","@id":"https:\/\/beautifullcostadelsol.com\/#organization","name":"Fajas Colombianas Beautifull Costa del Sol","url":"https:\/\/beautifullcostadelsol.com\/","logo":{"@type":"ImageObject","inLanguage":"es","@id":"https:\/\/beautifullcostadelsol.com\/#\/schema\/logo\/image\/","url":"","contentUrl":"","caption":"Fajas Colombianas Beautifull Costa del Sol"},"image":{"@id":"https:\/\/beautifullcostadelsol.com\/#\/schema\/logo\/image\/"}}]}},"_links":{"self":[{"href":"https:\/\/beautifullcostadelsol.com\/index.php\/wp-json\/wp\/v2\/product\/1085"}],"collection":[{"href":"https:\/\/beautifullcostadelsol.com\/index.php\/wp-json\/wp\/v2\/product"}],"about":[{"href":"https:\/\/beautifullcostadelsol.com\/index.php\/wp-json\/wp\/v2\/types\/product"}],"replies":[{"embeddable":true,"href":"https:\/\/beautifullcostadelsol.com\/index.php\/wp-json\/wp\/v2\/comments?post=1085"}],"wp:featuredmedia":[{"embeddable":true,"href":"https:\/\/beautifullcostadelsol.com\/index.php\/wp-json\/wp\/v2\/media\/1088"}],"wp:attachment":[{"href":"https:\/\/beautifullcostadelsol.com\/index.php\/wp-json\/wp\/v2\/media?parent=1085"}],"wp:term":[{"taxonomy":"product_cat","embeddable":true,"href":"https:\/\/beautifullcostadelsol.com\/index.php\/wp-json\/wp\/v2\/product_cat?post=1085"},{"taxonomy":"product_tag","embeddable":true,"href":"https:\/\/beautifullcostadelsol.com\/index.php\/wp-json\/wp\/v2\/product_tag?post=1085"}],"curies":[{"name":"wp","href":"https:\/\/api.w.org\/{rel}","templated":true}]}}