{"id":180,"date":"2022-10-17T14:16:39","date_gmt":"2022-10-17T14:16:39","guid":{"rendered":"https:\/\/beautifullcostadelsol.com\/?post_type=product&#038;p=180"},"modified":"2024-02-09T00:46:05","modified_gmt":"2024-02-08T23:46:05","slug":"dark-turquoise-silk-nightdress","status":"publish","type":"product","link":"https:\/\/beautifullcostadelsol.com\/index.php\/product\/dark-turquoise-silk-nightdress\/","title":{"rendered":"Brasier De Control Broche Al Centro"},"content":{"rendered":"<p>Este sujetador ha sido meticulosamente elaborado con powernet de alta calidad, ofreciendo una experiencia de lujo que te har\u00e1 sentir mimada. El forro interno est\u00e1 disponible en suave algod\u00f3n (Beige) o elegante Tricot (Negro), asegurando una combinaci\u00f3n perfecta de estilo y confort.<\/p>\n<p>Su copa prehormada, sin costuras internas, te brinda una sensaci\u00f3n de suavidad y comodidad incomparable. Adem\u00e1s, cuenta con dos posiciones de broche en la parte delantera para que puedas ajustarlo al centro con facilidad, simplificando el proceso de vestir y desvestir.<\/p>\n<p>El contorno inferior con el\u00e1stico garantiza una comodidad y un ajuste anat\u00f3mico excepcionales. Este sujetador postoperatorio es ideal para un uso diario, especialmente si tienes un busto pesado, ya que proporciona un soporte y control excepcionales. Tambi\u00e9n es perfecto para uso est\u00e9tico y post-procedimiento.<\/p>\n<p>Pero aqu\u00ed est\u00e1 el toque adicional de cuidado: hemos incorporado micro-c\u00e1psulas de Vitamina E directamente en la tela. Estas c\u00e1psulas liberan humedad, asegurando que tu piel se mantenga hidratada durante su uso. Sentir\u00e1s la comodidad y el mimo en cada momento.<\/p>\n<p>Eleva tu comodidad diaria y estilo con nuestro sujetador postoperatorio de cierre delantero. Descubre por qu\u00e9 es la elecci\u00f3n principal para aquellos que buscan calidad y elegancia en uno. No dejes pasar la oportunidad de experimentar verdadera comodidad y soporte con nuestro excepcional sujetador postoperatorio.<\/p>\n","protected":false},"excerpt":{"rendered":"<p>\u00a1Descubre el sujetador postoperatorio con cierre delantero recomendado por todas las mujeres! Este sujetador est\u00e1 dise\u00f1ado con la comodidad y el estilo en mente.<\/p>\n","protected":false},"featured_media":455,"comment_status":"open","ping_status":"closed","template":"","meta":{"_joinchat":[]},"product_cat":[77,70],"product_tag":[74,71],"yoast_head":"<!-- This site is optimized with the Yoast SEO plugin v23.5 - https:\/\/yoast.com\/wordpress\/plugins\/seo\/ -->\n<title>Brasier De Control Broche Al Centro - Fajas Colombianas Beautifull Costa del Sol<\/title>\n<meta name=\"robots\" content=\"index, follow, max-snippet:-1, max-image-preview:large, max-video-preview:-1\" \/>\n<link rel=\"canonical\" href=\"https:\/\/beautifullcostadelsol.com\/index.php\/product\/dark-turquoise-silk-nightdress\/\" \/>\n<meta property=\"og:locale\" content=\"es_ES\" \/>\n<meta property=\"og:type\" content=\"article\" \/>\n<meta property=\"og:title\" content=\"Brasier De Control Broche Al Centro - Fajas Colombianas Beautifull Costa del Sol\" \/>\n<meta property=\"og:description\" content=\"\u00a1Descubre el sujetador postoperatorio con cierre delantero recomendado por todas las mujeres! Este sujetador est\u00e1 dise\u00f1ado con la comodidad y el estilo en mente.\" \/>\n<meta property=\"og:url\" content=\"https:\/\/beautifullcostadelsol.com\/index.php\/product\/dark-turquoise-silk-nightdress\/\" \/>\n<meta property=\"og:site_name\" content=\"Fajas Colombianas Beautifull Costa del Sol\" \/>\n<meta property=\"article:modified_time\" content=\"2024-02-08T23:46:05+00:00\" \/>\n<meta property=\"og:image\" content=\"https:\/\/beautifullcostadelsol.com\/wp-content\/uploads\/2022\/10\/brasier-de-control-broche-al-centro-2.png\" \/>\n\t<meta property=\"og:image:width\" content=\"915\" \/>\n\t<meta property=\"og:image:height\" content=\"1109\" \/>\n\t<meta property=\"og:image:type\" content=\"image\/png\" \/>\n<meta name=\"twitter:card\" content=\"summary_large_image\" \/>\n<meta name=\"twitter:label1\" content=\"Tiempo de lectura\" \/>\n\t<meta name=\"twitter:data1\" content=\"2 minutos\" \/>\n<script type=\"application\/ld+json\" class=\"yoast-schema-graph\">{\"@context\":\"https:\/\/schema.org\",\"@graph\":[{\"@type\":\"WebPage\",\"@id\":\"https:\/\/beautifullcostadelsol.com\/index.php\/product\/dark-turquoise-silk-nightdress\/\",\"url\":\"https:\/\/beautifullcostadelsol.com\/index.php\/product\/dark-turquoise-silk-nightdress\/\",\"name\":\"Brasier De Control Broche Al Centro - Fajas Colombianas Beautifull Costa del Sol\",\"isPartOf\":{\"@id\":\"https:\/\/beautifullcostadelsol.com\/#website\"},\"primaryImageOfPage\":{\"@id\":\"https:\/\/beautifullcostadelsol.com\/index.php\/product\/dark-turquoise-silk-nightdress\/#primaryimage\"},\"image\":{\"@id\":\"https:\/\/beautifullcostadelsol.com\/index.php\/product\/dark-turquoise-silk-nightdress\/#primaryimage\"},\"thumbnailUrl\":\"https:\/\/beautifullcostadelsol.com\/wp-content\/uploads\/2022\/10\/brasier-de-control-broche-al-centro-2.png\",\"datePublished\":\"2022-10-17T14:16:39+00:00\",\"dateModified\":\"2024-02-08T23:46:05+00:00\",\"breadcrumb\":{\"@id\":\"https:\/\/beautifullcostadelsol.com\/index.php\/product\/dark-turquoise-silk-nightdress\/#breadcrumb\"},\"inLanguage\":\"es\",\"potentialAction\":[{\"@type\":\"ReadAction\",\"target\":[\"https:\/\/beautifullcostadelsol.com\/index.php\/product\/dark-turquoise-silk-nightdress\/\"]}]},{\"@type\":\"ImageObject\",\"inLanguage\":\"es\",\"@id\":\"https:\/\/beautifullcostadelsol.com\/index.php\/product\/dark-turquoise-silk-nightdress\/#primaryimage\",\"url\":\"https:\/\/beautifullcostadelsol.com\/wp-content\/uploads\/2022\/10\/brasier-de-control-broche-al-centro-2.png\",\"contentUrl\":\"https:\/\/beautifullcostadelsol.com\/wp-content\/uploads\/2022\/10\/brasier-de-control-broche-al-centro-2.png\",\"width\":915,\"height\":1109,\"caption\":\"sujetadores postoperatorio, me aprieta mucho el sujetador postoperatorio, sujetador postoperatorio recomendado, mejor sujetador postoperatorio aumento pecho, sujetador postoperatorio ortopedia, sujetador postoperatorio cierre delantero.\"},{\"@type\":\"BreadcrumbList\",\"@id\":\"https:\/\/beautifullcostadelsol.com\/index.php\/product\/dark-turquoise-silk-nightdress\/#breadcrumb\",\"itemListElement\":[{\"@type\":\"ListItem\",\"position\":1,\"name\":\"Portada\",\"item\":\"https:\/\/beautifullcostadelsol.com\/\"},{\"@type\":\"ListItem\",\"position\":2,\"name\":\"Tienda\",\"item\":\"https:\/\/beautifullcostadelsol.com\/index.php\/tienda\/\"},{\"@type\":\"ListItem\",\"position\":3,\"name\":\"Brasier De Control Broche Al Centro\"}]},{\"@type\":\"WebSite\",\"@id\":\"https:\/\/beautifullcostadelsol.com\/#website\",\"url\":\"https:\/\/beautifullcostadelsol.com\/\",\"name\":\"Fajas Colombianas Beautifull Costa del Sol\",\"description\":\"Moldeadoras, Reductoras, Post Quir\u00fargicas, Post Parto\",\"publisher\":{\"@id\":\"https:\/\/beautifullcostadelsol.com\/#organization\"},\"potentialAction\":[{\"@type\":\"SearchAction\",\"target\":{\"@type\":\"EntryPoint\",\"urlTemplate\":\"https:\/\/beautifullcostadelsol.com\/?s={search_term_string}\"},\"query-input\":{\"@type\":\"PropertyValueSpecification\",\"valueRequired\":true,\"valueName\":\"search_term_string\"}}],\"inLanguage\":\"es\"},{\"@type\":\"Organization\",\"@id\":\"https:\/\/beautifullcostadelsol.com\/#organization\",\"name\":\"Fajas Colombianas Beautifull Costa del Sol\",\"url\":\"https:\/\/beautifullcostadelsol.com\/\",\"logo\":{\"@type\":\"ImageObject\",\"inLanguage\":\"es\",\"@id\":\"https:\/\/beautifullcostadelsol.com\/#\/schema\/logo\/image\/\",\"url\":\"\",\"contentUrl\":\"\",\"caption\":\"Fajas Colombianas Beautifull Costa del Sol\"},\"image\":{\"@id\":\"https:\/\/beautifullcostadelsol.com\/#\/schema\/logo\/image\/\"}}]}<\/script>\n<!-- \/ Yoast SEO plugin. -->","yoast_head_json":{"title":"Brasier De Control Broche Al Centro - Fajas Colombianas Beautifull Costa del Sol","robots":{"index":"index","follow":"follow","max-snippet":"max-snippet:-1","max-image-preview":"max-image-preview:large","max-video-preview":"max-video-preview:-1"},"canonical":"https:\/\/beautifullcostadelsol.com\/index.php\/product\/dark-turquoise-silk-nightdress\/","og_locale":"es_ES","og_type":"article","og_title":"Brasier De Control Broche Al Centro - Fajas Colombianas Beautifull Costa del Sol","og_description":"\u00a1Descubre el sujetador postoperatorio con cierre delantero recomendado por todas las mujeres! Este sujetador est\u00e1 dise\u00f1ado con la comodidad y el estilo en mente.","og_url":"https:\/\/beautifullcostadelsol.com\/index.php\/product\/dark-turquoise-silk-nightdress\/","og_site_name":"Fajas Colombianas Beautifull Costa del Sol","article_modified_time":"2024-02-08T23:46:05+00:00","og_image":[{"width":915,"height":1109,"url":"https:\/\/beautifullcostadelsol.com\/wp-content\/uploads\/2022\/10\/brasier-de-control-broche-al-centro-2.png","type":"image\/png"}],"twitter_card":"summary_large_image","twitter_misc":{"Tiempo de lectura":"2 minutos"},"schema":{"@context":"https:\/\/schema.org","@graph":[{"@type":"WebPage","@id":"https:\/\/beautifullcostadelsol.com\/index.php\/product\/dark-turquoise-silk-nightdress\/","url":"https:\/\/beautifullcostadelsol.com\/index.php\/product\/dark-turquoise-silk-nightdress\/","name":"Brasier De Control Broche Al Centro - Fajas Colombianas Beautifull Costa del Sol","isPartOf":{"@id":"https:\/\/beautifullcostadelsol.com\/#website"},"primaryImageOfPage":{"@id":"https:\/\/beautifullcostadelsol.com\/index.php\/product\/dark-turquoise-silk-nightdress\/#primaryimage"},"image":{"@id":"https:\/\/beautifullcostadelsol.com\/index.php\/product\/dark-turquoise-silk-nightdress\/#primaryimage"},"thumbnailUrl":"https:\/\/beautifullcostadelsol.com\/wp-content\/uploads\/2022\/10\/brasier-de-control-broche-al-centro-2.png","datePublished":"2022-10-17T14:16:39+00:00","dateModified":"2024-02-08T23:46:05+00:00","breadcrumb":{"@id":"https:\/\/beautifullcostadelsol.com\/index.php\/product\/dark-turquoise-silk-nightdress\/#breadcrumb"},"inLanguage":"es","potentialAction":[{"@type":"ReadAction","target":["https:\/\/beautifullcostadelsol.com\/index.php\/product\/dark-turquoise-silk-nightdress\/"]}]},{"@type":"ImageObject","inLanguage":"es","@id":"https:\/\/beautifullcostadelsol.com\/index.php\/product\/dark-turquoise-silk-nightdress\/#primaryimage","url":"https:\/\/beautifullcostadelsol.com\/wp-content\/uploads\/2022\/10\/brasier-de-control-broche-al-centro-2.png","contentUrl":"https:\/\/beautifullcostadelsol.com\/wp-content\/uploads\/2022\/10\/brasier-de-control-broche-al-centro-2.png","width":915,"height":1109,"caption":"sujetadores postoperatorio, me aprieta mucho el sujetador postoperatorio, sujetador postoperatorio recomendado, mejor sujetador postoperatorio aumento pecho, sujetador postoperatorio ortopedia, sujetador postoperatorio cierre delantero."},{"@type":"BreadcrumbList","@id":"https:\/\/beautifullcostadelsol.com\/index.php\/product\/dark-turquoise-silk-nightdress\/#breadcrumb","itemListElement":[{"@type":"ListItem","position":1,"name":"Portada","item":"https:\/\/beautifullcostadelsol.com\/"},{"@type":"ListItem","position":2,"name":"Tienda","item":"https:\/\/beautifullcostadelsol.com\/index.php\/tienda\/"},{"@type":"ListItem","position":3,"name":"Brasier De Control Broche Al Centro"}]},{"@type":"WebSite","@id":"https:\/\/beautifullcostadelsol.com\/#website","url":"https:\/\/beautifullcostadelsol.com\/","name":"Fajas Colombianas Beautifull Costa del Sol","description":"Moldeadoras, Reductoras, Post Quir\u00fargicas, Post Parto","publisher":{"@id":"https:\/\/beautifullcostadelsol.com\/#organization"},"potentialAction":[{"@type":"SearchAction","target":{"@type":"EntryPoint","urlTemplate":"https:\/\/beautifullcostadelsol.com\/?s={search_term_string}"},"query-input":{"@type":"PropertyValueSpecification","valueRequired":true,"valueName":"search_term_string"}}],"inLanguage":"es"},{"@type":"Organization","@id":"https:\/\/beautifullcostadelsol.com\/#organization","name":"Fajas Colombianas Beautifull Costa del Sol","url":"https:\/\/beautifullcostadelsol.com\/","logo":{"@type":"ImageObject","inLanguage":"es","@id":"https:\/\/beautifullcostadelsol.com\/#\/schema\/logo\/image\/","url":"","contentUrl":"","caption":"Fajas Colombianas Beautifull Costa del Sol"},"image":{"@id":"https:\/\/beautifullcostadelsol.com\/#\/schema\/logo\/image\/"}}]}},"_links":{"self":[{"href":"https:\/\/beautifullcostadelsol.com\/index.php\/wp-json\/wp\/v2\/product\/180"}],"collection":[{"href":"https:\/\/beautifullcostadelsol.com\/index.php\/wp-json\/wp\/v2\/product"}],"about":[{"href":"https:\/\/beautifullcostadelsol.com\/index.php\/wp-json\/wp\/v2\/types\/product"}],"replies":[{"embeddable":true,"href":"https:\/\/beautifullcostadelsol.com\/index.php\/wp-json\/wp\/v2\/comments?post=180"}],"wp:featuredmedia":[{"embeddable":true,"href":"https:\/\/beautifullcostadelsol.com\/index.php\/wp-json\/wp\/v2\/media\/455"}],"wp:attachment":[{"href":"https:\/\/beautifullcostadelsol.com\/index.php\/wp-json\/wp\/v2\/media?parent=180"}],"wp:term":[{"taxonomy":"product_cat","embeddable":true,"href":"https:\/\/beautifullcostadelsol.com\/index.php\/wp-json\/wp\/v2\/product_cat?post=180"},{"taxonomy":"product_tag","embeddable":true,"href":"https:\/\/beautifullcostadelsol.com\/index.php\/wp-json\/wp\/v2\/product_tag?post=180"}],"curies":[{"name":"wp","href":"https:\/\/api.w.org\/{rel}","templated":true}]}}