{"id":426,"date":"2023-10-24T20:01:07","date_gmt":"2023-10-24T18:01:07","guid":{"rendered":"https:\/\/beautifullcostadelsol.com\/?post_type=product&#038;p=426"},"modified":"2025-03-15T03:14:34","modified_gmt":"2025-03-15T02:14:34","slug":"faja-estraple-levanta-cola-con-broche-al-centro","status":"publish","type":"product","link":"https:\/\/beautifullcostadelsol.com\/index.php\/product\/faja-estraple-levanta-cola-con-broche-al-centro\/","title":{"rendered":"Faja Estraple Levanta Cola Con Broche Al Centro"},"content":{"rendered":"<div class=\"flex-1 overflow-hidden\">\n<div class=\"react-scroll-to-bottom--css-tofxt-79elbk h-full\">\n<div class=\"react-scroll-to-bottom--css-tofxt-1n7m0yu\">\n<div class=\"flex flex-col text-sm gizmo:pb-9 dark:bg-gray-800 gizmo:dark:bg-transparent\">\n<div class=\"w-full text-token-text-primary border-b border-black\/10 gizmo:border-0 dark:border-gray-900\/50 gizmo:dark:border-0 bg-gray-50 gizmo:bg-transparent dark:bg-[#444654] gizmo:dark:bg-transparent\" data-testid=\"conversation-turn-17\">\n<div class=\"p-4 gizmo:py-2 justify-center text-base md:gap-6 md:py-6 m-auto\">\n<div class=\"flex flex-1 gap-4 text-base mx-auto md:gap-6 gizmo:gap-3 gizmo:md:px-5 gizmo:lg:px-1 gizmo:xl:px-5 md:max-w-2xl lg:max-w-[38rem] gizmo:md:max-w-3xl gizmo:lg:max-w-[40rem] gizmo:xl:max-w-[48rem] xl:max-w-3xl } group final-completion\">\n<div class=\"relative flex w-[calc(100%-50px)] flex-col gizmo:w-full lg:w-[calc(100%-115px)] agent-turn\">\n<div class=\"flex-col gap-1 md:gap-3\">\n<div class=\"flex flex-grow flex-col max-w-full gap-3 gizmo:gap-0\">\n<div class=\"min-h-[20px] text-message peer flex flex-col items-start gap-3 whitespace-pre-wrap break-words peer-[.text-message]:mt-5 overflow-x-auto\" data-message-author-role=\"assistant\" data-message-id=\"dd2b8a68-3c7f-44ad-9704-73e0ae932ecb\">\n<div class=\"markdown prose w-full break-words dark:prose-invert light\">\n<p>\u00bfQuieres realzar tus gl\u00fateos de manera natural? Nuestro dise\u00f1o ofrece un realce natural y es extra corto en la pierna, con blonda siliconada que asegura su adherencia para que puedas usarlo c\u00f3modamente con prendas cortas, sin preocuparte por enrollamientos inc\u00f3modos.<\/p>\n<p>Pero eso no es todo. Nuestra faja estraple levanta cola, cuenta con un broche al centro y est\u00e1 impregnada con una tecnolog\u00eda inteligente. Incorpora microc\u00e1psulas de Gingo Biloba, algas marinas, Cosmacol EMi y Vitamina E, que trabajan juntas para reafirmar, adelgazar e hidratar tu piel mientras la usas.<\/p>\n<p>Transforma tu experiencia de uso con nuestra faja colombiana en Espa\u00f1a, una prenda que combina funcionalidad, tecnolog\u00eda avanzada y cuidado de la piel para ofrecerte una experiencia de moldeado y bienestar incomparable. \u00a1Vive la experiencia de lucir espectacular mientras cuidas tu cuerpo!<\/p>\n<\/div>\n<\/div>\n<\/div>\n<div class=\"flex justify-between empty:hidden gizmo:mt-1 gizmo:justify-start gizmo:gap-3 lg:block gizmo:lg:flex\">\n<div class=\"text-gray-400 flex self-end lg:self-center justify-center gizmo:lg:justify-start mt-2 gizmo:mt-0 visible gap-1\">\n<p>&nbsp;<\/p>\n<div class=\"flex gap-1\"><\/div>\n<div class=\"flex items-center gap-1.5 text-xs\"><\/div>\n<\/div>\n<\/div>\n<\/div>\n<\/div>\n<\/div>\n<\/div>\n<\/div>\n<\/div>\n<\/div>\n<\/div>\n<\/div>\n<div class=\"w-full pt-2 md:pt-0 border-t md:border-t-0 gizmo:border-t-0 dark:border-white\/20 md:border-transparent md:dark:border-transparent md:pl-2 gizmo:pl-0 gizmo:md:pl-0 md:w-[calc(100%-.5rem)]\">\n<form class=\"stretch mx-2 flex flex-row gap-3 last:mb-2 md:mx-4 md:last:mb-6 lg:mx-auto lg:max-w-2xl xl:max-w-3xl\">\n<div class=\"relative flex h-full flex-1 items-stretch md:flex-col\">\n<div class=\"flex w-full items-center\"><\/div>\n<\/div>\n<\/form>\n<\/div>\n","protected":false},"excerpt":{"rendered":"<p>\u00a1Descubre la excelencia en fajas colombianas ahora en Espa\u00f1a con nuestra faja dise\u00f1ada para el postparto y post quir\u00fargico! Elaborada en powernet de alta compresi\u00f3n y con costuras planas para una discreci\u00f3n m\u00e1xima, esta faja es un verdadero s\u00edmbolo de comodidad y estilo.<\/p>\n<p>Imagina una prenda con un estraple que tiene contorno siliconado en la espalda para asegurar una adherencia \u00f3ptima, junto con tiras removibles que te ofrecen opciones personalizadas. Adem\u00e1s, cuenta con dos posiciones de broche al centro para un ajuste perfecto, as\u00ed como un refuerzo abdominal que garantiza una compresi\u00f3n \u00f3ptima.<\/p>\n","protected":false},"featured_media":429,"comment_status":"open","ping_status":"closed","template":"","meta":{"_joinchat":[]},"product_cat":[77,56,63],"product_tag":[68,58,64,69],"yoast_head":"<!-- This site is optimized with the Yoast SEO plugin v23.5 - https:\/\/yoast.com\/wordpress\/plugins\/seo\/ -->\n<title>Faja Estraple Levanta Cola Con Broche Al Centro - Fajas Colombianas Beautifull Costa del Sol<\/title>\n<meta name=\"robots\" content=\"index, follow, max-snippet:-1, max-image-preview:large, max-video-preview:-1\" \/>\n<link rel=\"canonical\" href=\"https:\/\/beautifullcostadelsol.com\/index.php\/product\/faja-estraple-levanta-cola-con-broche-al-centro\/\" \/>\n<meta property=\"og:locale\" content=\"es_ES\" \/>\n<meta property=\"og:type\" content=\"article\" \/>\n<meta property=\"og:title\" content=\"Faja Estraple Levanta Cola Con Broche Al Centro - Fajas Colombianas Beautifull Costa del Sol\" \/>\n<meta property=\"og:description\" content=\"\u00a1Descubre la excelencia en fajas colombianas ahora en Espa\u00f1a con nuestra faja dise\u00f1ada para el postparto y post quir\u00fargico! Elaborada en powernet de alta compresi\u00f3n y con costuras planas para una discreci\u00f3n m\u00e1xima, esta faja es un verdadero s\u00edmbolo de comodidad y estilo.  Imagina una prenda con un estraple que tiene contorno siliconado en la espalda para asegurar una adherencia \u00f3ptima, junto con tiras removibles que te ofrecen opciones personalizadas. Adem\u00e1s, cuenta con dos posiciones de broche al centro para un ajuste perfecto, as\u00ed como un refuerzo abdominal que garantiza una compresi\u00f3n \u00f3ptima.\" \/>\n<meta property=\"og:url\" content=\"https:\/\/beautifullcostadelsol.com\/index.php\/product\/faja-estraple-levanta-cola-con-broche-al-centro\/\" \/>\n<meta property=\"og:site_name\" content=\"Fajas Colombianas Beautifull Costa del Sol\" \/>\n<meta property=\"article:modified_time\" content=\"2025-03-15T02:14:34+00:00\" \/>\n<meta property=\"og:image\" content=\"https:\/\/beautifullcostadelsol.com\/wp-content\/uploads\/2023\/10\/faja-estraple-levanta-cola-con-broche-al-centro-3.png\" \/>\n\t<meta property=\"og:image:width\" content=\"915\" \/>\n\t<meta property=\"og:image:height\" content=\"1109\" \/>\n\t<meta property=\"og:image:type\" content=\"image\/png\" \/>\n<meta name=\"twitter:card\" content=\"summary_large_image\" \/>\n<meta name=\"twitter:label1\" content=\"Tiempo de lectura\" \/>\n\t<meta name=\"twitter:data1\" content=\"1 minuto\" \/>\n<script type=\"application\/ld+json\" class=\"yoast-schema-graph\">{\"@context\":\"https:\/\/schema.org\",\"@graph\":[{\"@type\":\"WebPage\",\"@id\":\"https:\/\/beautifullcostadelsol.com\/index.php\/product\/faja-estraple-levanta-cola-con-broche-al-centro\/\",\"url\":\"https:\/\/beautifullcostadelsol.com\/index.php\/product\/faja-estraple-levanta-cola-con-broche-al-centro\/\",\"name\":\"Faja Estraple Levanta Cola Con Broche Al Centro - Fajas Colombianas Beautifull Costa del Sol\",\"isPartOf\":{\"@id\":\"https:\/\/beautifullcostadelsol.com\/#website\"},\"primaryImageOfPage\":{\"@id\":\"https:\/\/beautifullcostadelsol.com\/index.php\/product\/faja-estraple-levanta-cola-con-broche-al-centro\/#primaryimage\"},\"image\":{\"@id\":\"https:\/\/beautifullcostadelsol.com\/index.php\/product\/faja-estraple-levanta-cola-con-broche-al-centro\/#primaryimage\"},\"thumbnailUrl\":\"https:\/\/beautifullcostadelsol.com\/wp-content\/uploads\/2023\/10\/faja-estraple-levanta-cola-con-broche-al-centro-3.png\",\"datePublished\":\"2023-10-24T18:01:07+00:00\",\"dateModified\":\"2025-03-15T02:14:34+00:00\",\"breadcrumb\":{\"@id\":\"https:\/\/beautifullcostadelsol.com\/index.php\/product\/faja-estraple-levanta-cola-con-broche-al-centro\/#breadcrumb\"},\"inLanguage\":\"es\",\"potentialAction\":[{\"@type\":\"ReadAction\",\"target\":[\"https:\/\/beautifullcostadelsol.com\/index.php\/product\/faja-estraple-levanta-cola-con-broche-al-centro\/\"]}]},{\"@type\":\"ImageObject\",\"inLanguage\":\"es\",\"@id\":\"https:\/\/beautifullcostadelsol.com\/index.php\/product\/faja-estraple-levanta-cola-con-broche-al-centro\/#primaryimage\",\"url\":\"https:\/\/beautifullcostadelsol.com\/wp-content\/uploads\/2023\/10\/faja-estraple-levanta-cola-con-broche-al-centro-3.png\",\"contentUrl\":\"https:\/\/beautifullcostadelsol.com\/wp-content\/uploads\/2023\/10\/faja-estraple-levanta-cola-con-broche-al-centro-3.png\",\"width\":915,\"height\":1109,\"caption\":\"Fajas Colombianas Originales\"},{\"@type\":\"BreadcrumbList\",\"@id\":\"https:\/\/beautifullcostadelsol.com\/index.php\/product\/faja-estraple-levanta-cola-con-broche-al-centro\/#breadcrumb\",\"itemListElement\":[{\"@type\":\"ListItem\",\"position\":1,\"name\":\"Portada\",\"item\":\"https:\/\/beautifullcostadelsol.com\/\"},{\"@type\":\"ListItem\",\"position\":2,\"name\":\"Tienda\",\"item\":\"https:\/\/beautifullcostadelsol.com\/index.php\/tienda\/\"},{\"@type\":\"ListItem\",\"position\":3,\"name\":\"Faja Estraple Levanta Cola Con Broche Al Centro\"}]},{\"@type\":\"WebSite\",\"@id\":\"https:\/\/beautifullcostadelsol.com\/#website\",\"url\":\"https:\/\/beautifullcostadelsol.com\/\",\"name\":\"Fajas Colombianas Beautifull Costa del Sol\",\"description\":\"Moldeadoras, Reductoras, Post Quir\u00fargicas, Post Parto\",\"publisher\":{\"@id\":\"https:\/\/beautifullcostadelsol.com\/#organization\"},\"potentialAction\":[{\"@type\":\"SearchAction\",\"target\":{\"@type\":\"EntryPoint\",\"urlTemplate\":\"https:\/\/beautifullcostadelsol.com\/?s={search_term_string}\"},\"query-input\":{\"@type\":\"PropertyValueSpecification\",\"valueRequired\":true,\"valueName\":\"search_term_string\"}}],\"inLanguage\":\"es\"},{\"@type\":\"Organization\",\"@id\":\"https:\/\/beautifullcostadelsol.com\/#organization\",\"name\":\"Fajas Colombianas Beautifull Costa del Sol\",\"url\":\"https:\/\/beautifullcostadelsol.com\/\",\"logo\":{\"@type\":\"ImageObject\",\"inLanguage\":\"es\",\"@id\":\"https:\/\/beautifullcostadelsol.com\/#\/schema\/logo\/image\/\",\"url\":\"\",\"contentUrl\":\"\",\"caption\":\"Fajas Colombianas Beautifull Costa del Sol\"},\"image\":{\"@id\":\"https:\/\/beautifullcostadelsol.com\/#\/schema\/logo\/image\/\"}}]}<\/script>\n<!-- \/ Yoast SEO plugin. -->","yoast_head_json":{"title":"Faja Estraple Levanta Cola Con Broche Al Centro - Fajas Colombianas Beautifull Costa del Sol","robots":{"index":"index","follow":"follow","max-snippet":"max-snippet:-1","max-image-preview":"max-image-preview:large","max-video-preview":"max-video-preview:-1"},"canonical":"https:\/\/beautifullcostadelsol.com\/index.php\/product\/faja-estraple-levanta-cola-con-broche-al-centro\/","og_locale":"es_ES","og_type":"article","og_title":"Faja Estraple Levanta Cola Con Broche Al Centro - Fajas Colombianas Beautifull Costa del Sol","og_description":"\u00a1Descubre la excelencia en fajas colombianas ahora en Espa\u00f1a con nuestra faja dise\u00f1ada para el postparto y post quir\u00fargico! Elaborada en powernet de alta compresi\u00f3n y con costuras planas para una discreci\u00f3n m\u00e1xima, esta faja es un verdadero s\u00edmbolo de comodidad y estilo.  Imagina una prenda con un estraple que tiene contorno siliconado en la espalda para asegurar una adherencia \u00f3ptima, junto con tiras removibles que te ofrecen opciones personalizadas. Adem\u00e1s, cuenta con dos posiciones de broche al centro para un ajuste perfecto, as\u00ed como un refuerzo abdominal que garantiza una compresi\u00f3n \u00f3ptima.","og_url":"https:\/\/beautifullcostadelsol.com\/index.php\/product\/faja-estraple-levanta-cola-con-broche-al-centro\/","og_site_name":"Fajas Colombianas Beautifull Costa del Sol","article_modified_time":"2025-03-15T02:14:34+00:00","og_image":[{"width":915,"height":1109,"url":"https:\/\/beautifullcostadelsol.com\/wp-content\/uploads\/2023\/10\/faja-estraple-levanta-cola-con-broche-al-centro-3.png","type":"image\/png"}],"twitter_card":"summary_large_image","twitter_misc":{"Tiempo de lectura":"1 minuto"},"schema":{"@context":"https:\/\/schema.org","@graph":[{"@type":"WebPage","@id":"https:\/\/beautifullcostadelsol.com\/index.php\/product\/faja-estraple-levanta-cola-con-broche-al-centro\/","url":"https:\/\/beautifullcostadelsol.com\/index.php\/product\/faja-estraple-levanta-cola-con-broche-al-centro\/","name":"Faja Estraple Levanta Cola Con Broche Al Centro - Fajas Colombianas Beautifull Costa del Sol","isPartOf":{"@id":"https:\/\/beautifullcostadelsol.com\/#website"},"primaryImageOfPage":{"@id":"https:\/\/beautifullcostadelsol.com\/index.php\/product\/faja-estraple-levanta-cola-con-broche-al-centro\/#primaryimage"},"image":{"@id":"https:\/\/beautifullcostadelsol.com\/index.php\/product\/faja-estraple-levanta-cola-con-broche-al-centro\/#primaryimage"},"thumbnailUrl":"https:\/\/beautifullcostadelsol.com\/wp-content\/uploads\/2023\/10\/faja-estraple-levanta-cola-con-broche-al-centro-3.png","datePublished":"2023-10-24T18:01:07+00:00","dateModified":"2025-03-15T02:14:34+00:00","breadcrumb":{"@id":"https:\/\/beautifullcostadelsol.com\/index.php\/product\/faja-estraple-levanta-cola-con-broche-al-centro\/#breadcrumb"},"inLanguage":"es","potentialAction":[{"@type":"ReadAction","target":["https:\/\/beautifullcostadelsol.com\/index.php\/product\/faja-estraple-levanta-cola-con-broche-al-centro\/"]}]},{"@type":"ImageObject","inLanguage":"es","@id":"https:\/\/beautifullcostadelsol.com\/index.php\/product\/faja-estraple-levanta-cola-con-broche-al-centro\/#primaryimage","url":"https:\/\/beautifullcostadelsol.com\/wp-content\/uploads\/2023\/10\/faja-estraple-levanta-cola-con-broche-al-centro-3.png","contentUrl":"https:\/\/beautifullcostadelsol.com\/wp-content\/uploads\/2023\/10\/faja-estraple-levanta-cola-con-broche-al-centro-3.png","width":915,"height":1109,"caption":"Fajas Colombianas Originales"},{"@type":"BreadcrumbList","@id":"https:\/\/beautifullcostadelsol.com\/index.php\/product\/faja-estraple-levanta-cola-con-broche-al-centro\/#breadcrumb","itemListElement":[{"@type":"ListItem","position":1,"name":"Portada","item":"https:\/\/beautifullcostadelsol.com\/"},{"@type":"ListItem","position":2,"name":"Tienda","item":"https:\/\/beautifullcostadelsol.com\/index.php\/tienda\/"},{"@type":"ListItem","position":3,"name":"Faja Estraple Levanta Cola Con Broche Al Centro"}]},{"@type":"WebSite","@id":"https:\/\/beautifullcostadelsol.com\/#website","url":"https:\/\/beautifullcostadelsol.com\/","name":"Fajas Colombianas Beautifull Costa del Sol","description":"Moldeadoras, Reductoras, Post Quir\u00fargicas, Post Parto","publisher":{"@id":"https:\/\/beautifullcostadelsol.com\/#organization"},"potentialAction":[{"@type":"SearchAction","target":{"@type":"EntryPoint","urlTemplate":"https:\/\/beautifullcostadelsol.com\/?s={search_term_string}"},"query-input":{"@type":"PropertyValueSpecification","valueRequired":true,"valueName":"search_term_string"}}],"inLanguage":"es"},{"@type":"Organization","@id":"https:\/\/beautifullcostadelsol.com\/#organization","name":"Fajas Colombianas Beautifull Costa del Sol","url":"https:\/\/beautifullcostadelsol.com\/","logo":{"@type":"ImageObject","inLanguage":"es","@id":"https:\/\/beautifullcostadelsol.com\/#\/schema\/logo\/image\/","url":"","contentUrl":"","caption":"Fajas Colombianas Beautifull Costa del Sol"},"image":{"@id":"https:\/\/beautifullcostadelsol.com\/#\/schema\/logo\/image\/"}}]}},"_links":{"self":[{"href":"https:\/\/beautifullcostadelsol.com\/index.php\/wp-json\/wp\/v2\/product\/426"}],"collection":[{"href":"https:\/\/beautifullcostadelsol.com\/index.php\/wp-json\/wp\/v2\/product"}],"about":[{"href":"https:\/\/beautifullcostadelsol.com\/index.php\/wp-json\/wp\/v2\/types\/product"}],"replies":[{"embeddable":true,"href":"https:\/\/beautifullcostadelsol.com\/index.php\/wp-json\/wp\/v2\/comments?post=426"}],"wp:featuredmedia":[{"embeddable":true,"href":"https:\/\/beautifullcostadelsol.com\/index.php\/wp-json\/wp\/v2\/media\/429"}],"wp:attachment":[{"href":"https:\/\/beautifullcostadelsol.com\/index.php\/wp-json\/wp\/v2\/media?parent=426"}],"wp:term":[{"taxonomy":"product_cat","embeddable":true,"href":"https:\/\/beautifullcostadelsol.com\/index.php\/wp-json\/wp\/v2\/product_cat?post=426"},{"taxonomy":"product_tag","embeddable":true,"href":"https:\/\/beautifullcostadelsol.com\/index.php\/wp-json\/wp\/v2\/product_tag?post=426"}],"curies":[{"name":"wp","href":"https:\/\/api.w.org\/{rel}","templated":true}]}}