{"id":440,"date":"2023-10-24T20:20:11","date_gmt":"2023-10-24T18:20:11","guid":{"rendered":"https:\/\/beautifullcostadelsol.com\/?post_type=product&#038;p=440"},"modified":"2024-02-08T22:12:16","modified_gmt":"2024-02-08T21:12:16","slug":"sujetador-de-control-de-tiras-copa-prehormada","status":"publish","type":"product","link":"https:\/\/beautifullcostadelsol.com\/index.php\/product\/sujetador-de-control-de-tiras-copa-prehormada\/","title":{"rendered":"Sujetador De Control De Tiras, Copa Prehormada"},"content":{"rendered":"<p>La copa prehormada se distingue por su dise\u00f1o sin costuras internas, proporcionando un ajuste perfecto y sin molestias. Con dos posiciones de broche para un ajuste personalizado al centro, este sujetador es vers\u00e1til y adaptable a sus necesidades.<\/p>\n<p>El contorno inferior en el\u00e1stico brinda una mayor comodidad y se ajusta a su anatom\u00eda de forma precisa. Este sujetador es ideal para uso diario, control de figura, as\u00ed como para fines est\u00e9ticos y postquir\u00fargicos. Adem\u00e1s, incorpora microc\u00e1psulas de Vitamina E que ayudan a mantener su piel hidratada durante el uso.<\/p>\n<p>Experimente la excelencia en sujetadores post operatorios con la tranquilidad de llevar una prenda de calidad, respaldada por la tradici\u00f3n de las fajas colombianas originales.<\/p>\n","protected":false},"excerpt":{"rendered":"<p>Presentamos el sujetador post operatorio en elegante color Beige. Este sujetador est\u00e1 confeccionado con atenci\u00f3n al detalle y cuidado de su comodidad. Est\u00e1 elaborado en powernet y ofrece un forro interno de algod\u00f3n en color Beige o Tricot en Negro, asegurando un tacto suave contra su piel.<\/p>\n<p>&nbsp;<\/p>\n","protected":false},"featured_media":442,"comment_status":"open","ping_status":"closed","template":"","meta":{"_joinchat":[]},"product_cat":[77,70],"product_tag":[72,73,71],"yoast_head":"<!-- This site is optimized with the Yoast SEO plugin v23.5 - https:\/\/yoast.com\/wordpress\/plugins\/seo\/ -->\n<title>Sujetador De Control De Tiras, Copa Prehormada - Fajas Colombianas Beautifull Costa del Sol<\/title>\n<meta name=\"robots\" content=\"index, follow, max-snippet:-1, max-image-preview:large, max-video-preview:-1\" \/>\n<link rel=\"canonical\" href=\"https:\/\/beautifullcostadelsol.com\/index.php\/product\/sujetador-de-control-de-tiras-copa-prehormada\/\" \/>\n<meta property=\"og:locale\" content=\"es_ES\" \/>\n<meta property=\"og:type\" content=\"article\" \/>\n<meta property=\"og:title\" content=\"Sujetador De Control De Tiras, Copa Prehormada - Fajas Colombianas Beautifull Costa del Sol\" \/>\n<meta property=\"og:description\" content=\"Presentamos el sujetador post operatorio en elegante color Beige. Este sujetador est\u00e1 confeccionado con atenci\u00f3n al detalle y cuidado de su comodidad. Est\u00e1 elaborado en powernet y ofrece un forro interno de algod\u00f3n en color Beige o Tricot en Negro, asegurando un tacto suave contra su piel.  &nbsp;\" \/>\n<meta property=\"og:url\" content=\"https:\/\/beautifullcostadelsol.com\/index.php\/product\/sujetador-de-control-de-tiras-copa-prehormada\/\" \/>\n<meta property=\"og:site_name\" content=\"Fajas Colombianas Beautifull Costa del Sol\" \/>\n<meta property=\"article:modified_time\" content=\"2024-02-08T21:12:16+00:00\" \/>\n<meta property=\"og:image\" content=\"https:\/\/beautifullcostadelsol.com\/wp-content\/uploads\/2023\/10\/brasier-de-control-de-tiras-copa-prehormada-022130-2.png\" \/>\n\t<meta property=\"og:image:width\" content=\"915\" \/>\n\t<meta property=\"og:image:height\" content=\"1109\" \/>\n\t<meta property=\"og:image:type\" content=\"image\/png\" \/>\n<meta name=\"twitter:card\" content=\"summary_large_image\" \/>\n<meta name=\"twitter:label1\" content=\"Tiempo de lectura\" \/>\n\t<meta name=\"twitter:data1\" content=\"1 minuto\" \/>\n<script type=\"application\/ld+json\" class=\"yoast-schema-graph\">{\"@context\":\"https:\/\/schema.org\",\"@graph\":[{\"@type\":\"WebPage\",\"@id\":\"https:\/\/beautifullcostadelsol.com\/index.php\/product\/sujetador-de-control-de-tiras-copa-prehormada\/\",\"url\":\"https:\/\/beautifullcostadelsol.com\/index.php\/product\/sujetador-de-control-de-tiras-copa-prehormada\/\",\"name\":\"Sujetador De Control De Tiras, Copa Prehormada - Fajas Colombianas Beautifull Costa del Sol\",\"isPartOf\":{\"@id\":\"https:\/\/beautifullcostadelsol.com\/#website\"},\"primaryImageOfPage\":{\"@id\":\"https:\/\/beautifullcostadelsol.com\/index.php\/product\/sujetador-de-control-de-tiras-copa-prehormada\/#primaryimage\"},\"image\":{\"@id\":\"https:\/\/beautifullcostadelsol.com\/index.php\/product\/sujetador-de-control-de-tiras-copa-prehormada\/#primaryimage\"},\"thumbnailUrl\":\"https:\/\/beautifullcostadelsol.com\/wp-content\/uploads\/2023\/10\/brasier-de-control-de-tiras-copa-prehormada-022130-2.png\",\"datePublished\":\"2023-10-24T18:20:11+00:00\",\"dateModified\":\"2024-02-08T21:12:16+00:00\",\"breadcrumb\":{\"@id\":\"https:\/\/beautifullcostadelsol.com\/index.php\/product\/sujetador-de-control-de-tiras-copa-prehormada\/#breadcrumb\"},\"inLanguage\":\"es\",\"potentialAction\":[{\"@type\":\"ReadAction\",\"target\":[\"https:\/\/beautifullcostadelsol.com\/index.php\/product\/sujetador-de-control-de-tiras-copa-prehormada\/\"]}]},{\"@type\":\"ImageObject\",\"inLanguage\":\"es\",\"@id\":\"https:\/\/beautifullcostadelsol.com\/index.php\/product\/sujetador-de-control-de-tiras-copa-prehormada\/#primaryimage\",\"url\":\"https:\/\/beautifullcostadelsol.com\/wp-content\/uploads\/2023\/10\/brasier-de-control-de-tiras-copa-prehormada-022130-2.png\",\"contentUrl\":\"https:\/\/beautifullcostadelsol.com\/wp-content\/uploads\/2023\/10\/brasier-de-control-de-tiras-copa-prehormada-022130-2.png\",\"width\":915,\"height\":1109,\"caption\":\"fajas moldeadoras, fajas colombianas, fajas moldeadoras colombianas.\"},{\"@type\":\"BreadcrumbList\",\"@id\":\"https:\/\/beautifullcostadelsol.com\/index.php\/product\/sujetador-de-control-de-tiras-copa-prehormada\/#breadcrumb\",\"itemListElement\":[{\"@type\":\"ListItem\",\"position\":1,\"name\":\"Portada\",\"item\":\"https:\/\/beautifullcostadelsol.com\/\"},{\"@type\":\"ListItem\",\"position\":2,\"name\":\"Tienda\",\"item\":\"https:\/\/beautifullcostadelsol.com\/index.php\/tienda\/\"},{\"@type\":\"ListItem\",\"position\":3,\"name\":\"Sujetador De Control De Tiras, Copa Prehormada\"}]},{\"@type\":\"WebSite\",\"@id\":\"https:\/\/beautifullcostadelsol.com\/#website\",\"url\":\"https:\/\/beautifullcostadelsol.com\/\",\"name\":\"Fajas Colombianas Beautifull Costa del Sol\",\"description\":\"Moldeadoras, Reductoras, Post Quir\u00fargicas, Post Parto\",\"publisher\":{\"@id\":\"https:\/\/beautifullcostadelsol.com\/#organization\"},\"potentialAction\":[{\"@type\":\"SearchAction\",\"target\":{\"@type\":\"EntryPoint\",\"urlTemplate\":\"https:\/\/beautifullcostadelsol.com\/?s={search_term_string}\"},\"query-input\":{\"@type\":\"PropertyValueSpecification\",\"valueRequired\":true,\"valueName\":\"search_term_string\"}}],\"inLanguage\":\"es\"},{\"@type\":\"Organization\",\"@id\":\"https:\/\/beautifullcostadelsol.com\/#organization\",\"name\":\"Fajas Colombianas Beautifull Costa del Sol\",\"url\":\"https:\/\/beautifullcostadelsol.com\/\",\"logo\":{\"@type\":\"ImageObject\",\"inLanguage\":\"es\",\"@id\":\"https:\/\/beautifullcostadelsol.com\/#\/schema\/logo\/image\/\",\"url\":\"\",\"contentUrl\":\"\",\"caption\":\"Fajas Colombianas Beautifull Costa del Sol\"},\"image\":{\"@id\":\"https:\/\/beautifullcostadelsol.com\/#\/schema\/logo\/image\/\"}}]}<\/script>\n<!-- \/ Yoast SEO plugin. -->","yoast_head_json":{"title":"Sujetador De Control De Tiras, Copa Prehormada - Fajas Colombianas Beautifull Costa del Sol","robots":{"index":"index","follow":"follow","max-snippet":"max-snippet:-1","max-image-preview":"max-image-preview:large","max-video-preview":"max-video-preview:-1"},"canonical":"https:\/\/beautifullcostadelsol.com\/index.php\/product\/sujetador-de-control-de-tiras-copa-prehormada\/","og_locale":"es_ES","og_type":"article","og_title":"Sujetador De Control De Tiras, Copa Prehormada - Fajas Colombianas Beautifull Costa del Sol","og_description":"Presentamos el sujetador post operatorio en elegante color Beige. Este sujetador est\u00e1 confeccionado con atenci\u00f3n al detalle y cuidado de su comodidad. Est\u00e1 elaborado en powernet y ofrece un forro interno de algod\u00f3n en color Beige o Tricot en Negro, asegurando un tacto suave contra su piel.  &nbsp;","og_url":"https:\/\/beautifullcostadelsol.com\/index.php\/product\/sujetador-de-control-de-tiras-copa-prehormada\/","og_site_name":"Fajas Colombianas Beautifull Costa del Sol","article_modified_time":"2024-02-08T21:12:16+00:00","og_image":[{"width":915,"height":1109,"url":"https:\/\/beautifullcostadelsol.com\/wp-content\/uploads\/2023\/10\/brasier-de-control-de-tiras-copa-prehormada-022130-2.png","type":"image\/png"}],"twitter_card":"summary_large_image","twitter_misc":{"Tiempo de lectura":"1 minuto"},"schema":{"@context":"https:\/\/schema.org","@graph":[{"@type":"WebPage","@id":"https:\/\/beautifullcostadelsol.com\/index.php\/product\/sujetador-de-control-de-tiras-copa-prehormada\/","url":"https:\/\/beautifullcostadelsol.com\/index.php\/product\/sujetador-de-control-de-tiras-copa-prehormada\/","name":"Sujetador De Control De Tiras, Copa Prehormada - Fajas Colombianas Beautifull Costa del Sol","isPartOf":{"@id":"https:\/\/beautifullcostadelsol.com\/#website"},"primaryImageOfPage":{"@id":"https:\/\/beautifullcostadelsol.com\/index.php\/product\/sujetador-de-control-de-tiras-copa-prehormada\/#primaryimage"},"image":{"@id":"https:\/\/beautifullcostadelsol.com\/index.php\/product\/sujetador-de-control-de-tiras-copa-prehormada\/#primaryimage"},"thumbnailUrl":"https:\/\/beautifullcostadelsol.com\/wp-content\/uploads\/2023\/10\/brasier-de-control-de-tiras-copa-prehormada-022130-2.png","datePublished":"2023-10-24T18:20:11+00:00","dateModified":"2024-02-08T21:12:16+00:00","breadcrumb":{"@id":"https:\/\/beautifullcostadelsol.com\/index.php\/product\/sujetador-de-control-de-tiras-copa-prehormada\/#breadcrumb"},"inLanguage":"es","potentialAction":[{"@type":"ReadAction","target":["https:\/\/beautifullcostadelsol.com\/index.php\/product\/sujetador-de-control-de-tiras-copa-prehormada\/"]}]},{"@type":"ImageObject","inLanguage":"es","@id":"https:\/\/beautifullcostadelsol.com\/index.php\/product\/sujetador-de-control-de-tiras-copa-prehormada\/#primaryimage","url":"https:\/\/beautifullcostadelsol.com\/wp-content\/uploads\/2023\/10\/brasier-de-control-de-tiras-copa-prehormada-022130-2.png","contentUrl":"https:\/\/beautifullcostadelsol.com\/wp-content\/uploads\/2023\/10\/brasier-de-control-de-tiras-copa-prehormada-022130-2.png","width":915,"height":1109,"caption":"fajas moldeadoras, fajas colombianas, fajas moldeadoras colombianas."},{"@type":"BreadcrumbList","@id":"https:\/\/beautifullcostadelsol.com\/index.php\/product\/sujetador-de-control-de-tiras-copa-prehormada\/#breadcrumb","itemListElement":[{"@type":"ListItem","position":1,"name":"Portada","item":"https:\/\/beautifullcostadelsol.com\/"},{"@type":"ListItem","position":2,"name":"Tienda","item":"https:\/\/beautifullcostadelsol.com\/index.php\/tienda\/"},{"@type":"ListItem","position":3,"name":"Sujetador De Control De Tiras, Copa Prehormada"}]},{"@type":"WebSite","@id":"https:\/\/beautifullcostadelsol.com\/#website","url":"https:\/\/beautifullcostadelsol.com\/","name":"Fajas Colombianas Beautifull Costa del Sol","description":"Moldeadoras, Reductoras, Post Quir\u00fargicas, Post Parto","publisher":{"@id":"https:\/\/beautifullcostadelsol.com\/#organization"},"potentialAction":[{"@type":"SearchAction","target":{"@type":"EntryPoint","urlTemplate":"https:\/\/beautifullcostadelsol.com\/?s={search_term_string}"},"query-input":{"@type":"PropertyValueSpecification","valueRequired":true,"valueName":"search_term_string"}}],"inLanguage":"es"},{"@type":"Organization","@id":"https:\/\/beautifullcostadelsol.com\/#organization","name":"Fajas Colombianas Beautifull Costa del Sol","url":"https:\/\/beautifullcostadelsol.com\/","logo":{"@type":"ImageObject","inLanguage":"es","@id":"https:\/\/beautifullcostadelsol.com\/#\/schema\/logo\/image\/","url":"","contentUrl":"","caption":"Fajas Colombianas Beautifull Costa del Sol"},"image":{"@id":"https:\/\/beautifullcostadelsol.com\/#\/schema\/logo\/image\/"}}]}},"_links":{"self":[{"href":"https:\/\/beautifullcostadelsol.com\/index.php\/wp-json\/wp\/v2\/product\/440"}],"collection":[{"href":"https:\/\/beautifullcostadelsol.com\/index.php\/wp-json\/wp\/v2\/product"}],"about":[{"href":"https:\/\/beautifullcostadelsol.com\/index.php\/wp-json\/wp\/v2\/types\/product"}],"replies":[{"embeddable":true,"href":"https:\/\/beautifullcostadelsol.com\/index.php\/wp-json\/wp\/v2\/comments?post=440"}],"wp:featuredmedia":[{"embeddable":true,"href":"https:\/\/beautifullcostadelsol.com\/index.php\/wp-json\/wp\/v2\/media\/442"}],"wp:attachment":[{"href":"https:\/\/beautifullcostadelsol.com\/index.php\/wp-json\/wp\/v2\/media?parent=440"}],"wp:term":[{"taxonomy":"product_cat","embeddable":true,"href":"https:\/\/beautifullcostadelsol.com\/index.php\/wp-json\/wp\/v2\/product_cat?post=440"},{"taxonomy":"product_tag","embeddable":true,"href":"https:\/\/beautifullcostadelsol.com\/index.php\/wp-json\/wp\/v2\/product_tag?post=440"}],"curies":[{"name":"wp","href":"https:\/\/api.w.org\/{rel}","templated":true}]}}