{"id":468,"date":"2023-10-26T12:17:53","date_gmt":"2023-10-26T10:17:53","guid":{"rendered":"https:\/\/beautifullcostadelsol.com\/?post_type=product&#038;p=468"},"modified":"2024-02-08T23:57:40","modified_gmt":"2024-02-08T22:57:40","slug":"faja-de-alta-compresion-4-broches","status":"publish","type":"product","link":"https:\/\/beautifullcostadelsol.com\/index.php\/product\/faja-de-alta-compresion-4-broches\/","title":{"rendered":"Faja De Alta Compresi\u00f3n 4 Broches"},"content":{"rendered":"<p>Dise\u00f1ada con una espalda alta para corregir tu postura, esta faja cuenta con un cierre perineal y refuerzo protector para una experiencia sin igual. Los cuatro broches ajustables permiten una personalizaci\u00f3n perfecta, brindando compresi\u00f3n uniforme en \u00e1reas abdominal baja, media y alta. Adem\u00e1s, cuenta con un refuerzo abdominal para una compresi\u00f3n adicional y un realce natural de los gl\u00fateos.<\/p>\n<p>Pero eso no es todo. Nuestra faja tambi\u00e9n tiene una rubia siliconada en la media pierna, evitando que se enrolle o marque en la piel. Es completamente abierta, ideal para cuerpos mixtos con grandes diferencias entre cadera y cintura, o para procesos desinflamatorios. \u00bfBuscas fajas reductoras para vestidos? No busques m\u00e1s, nuestras fajas colombianas originales son la elecci\u00f3n perfecta para lucir incre\u00edble en cualquier ocasi\u00f3n.<\/p>\n<p>Experimenta la perfecci\u00f3n de la compresi\u00f3n con Fajitex. Descubre c\u00f3mo nuestra faja no solo moldea tu figura, sino que tambi\u00e9n mejora tu postura y te brinda la confianza que mereces. \u00a1Haz una declaraci\u00f3n con tu estilo hoy mismo!<\/p>\n","protected":false},"excerpt":{"rendered":"<p>\u00a1Descubre nuestras exclusivas fajas post parto y fajas reductoras colombianas en Espa\u00f1a! Presentamos la Faja de Alta Compresi\u00f3n con 4 broches Fajitex, elaborada en powernet, un material de compresi\u00f3n resistente. Esta faja redefine el confort y la discreci\u00f3n. Sus costuras planas garantizan comodidad mientras permaneces discretamente estilizada.<\/p>\n<p>&nbsp;<\/p>\n","protected":false},"featured_media":470,"comment_status":"open","ping_status":"closed","template":"","meta":{"_joinchat":[]},"product_cat":[77,56,63],"product_tag":[67,75,58],"yoast_head":"<!-- This site is optimized with the Yoast SEO plugin v23.5 - https:\/\/yoast.com\/wordpress\/plugins\/seo\/ -->\n<title>Faja De Alta Compresi\u00f3n 4 Broches - Fajas Colombianas Beautifull Costa del Sol<\/title>\n<meta name=\"robots\" content=\"index, follow, max-snippet:-1, max-image-preview:large, max-video-preview:-1\" \/>\n<link rel=\"canonical\" href=\"https:\/\/beautifullcostadelsol.com\/index.php\/product\/faja-de-alta-compresion-4-broches\/\" \/>\n<meta property=\"og:locale\" content=\"es_ES\" \/>\n<meta property=\"og:type\" content=\"article\" \/>\n<meta property=\"og:title\" content=\"Faja De Alta Compresi\u00f3n 4 Broches - Fajas Colombianas Beautifull Costa del Sol\" \/>\n<meta property=\"og:description\" content=\"\u00a1Descubre nuestras exclusivas fajas post parto y fajas reductoras colombianas en Espa\u00f1a! Presentamos la Faja de Alta Compresi\u00f3n con 4 broches Fajitex, elaborada en powernet, un material de compresi\u00f3n resistente. Esta faja redefine el confort y la discreci\u00f3n. Sus costuras planas garantizan comodidad mientras permaneces discretamente estilizada.  &nbsp;\" \/>\n<meta property=\"og:url\" content=\"https:\/\/beautifullcostadelsol.com\/index.php\/product\/faja-de-alta-compresion-4-broches\/\" \/>\n<meta property=\"og:site_name\" content=\"Fajas Colombianas Beautifull Costa del Sol\" \/>\n<meta property=\"article:modified_time\" content=\"2024-02-08T22:57:40+00:00\" \/>\n<meta property=\"og:image\" content=\"https:\/\/beautifullcostadelsol.com\/wp-content\/uploads\/2023\/10\/faja-de-alta-compresion-4-broches-1.png\" \/>\n\t<meta property=\"og:image:width\" content=\"915\" \/>\n\t<meta property=\"og:image:height\" content=\"1109\" \/>\n\t<meta property=\"og:image:type\" content=\"image\/png\" \/>\n<meta name=\"twitter:card\" content=\"summary_large_image\" \/>\n<meta name=\"twitter:label1\" content=\"Tiempo de lectura\" \/>\n\t<meta name=\"twitter:data1\" content=\"1 minuto\" \/>\n<script type=\"application\/ld+json\" class=\"yoast-schema-graph\">{\"@context\":\"https:\/\/schema.org\",\"@graph\":[{\"@type\":\"WebPage\",\"@id\":\"https:\/\/beautifullcostadelsol.com\/index.php\/product\/faja-de-alta-compresion-4-broches\/\",\"url\":\"https:\/\/beautifullcostadelsol.com\/index.php\/product\/faja-de-alta-compresion-4-broches\/\",\"name\":\"Faja De Alta Compresi\u00f3n 4 Broches - Fajas Colombianas Beautifull Costa del Sol\",\"isPartOf\":{\"@id\":\"https:\/\/beautifullcostadelsol.com\/#website\"},\"primaryImageOfPage\":{\"@id\":\"https:\/\/beautifullcostadelsol.com\/index.php\/product\/faja-de-alta-compresion-4-broches\/#primaryimage\"},\"image\":{\"@id\":\"https:\/\/beautifullcostadelsol.com\/index.php\/product\/faja-de-alta-compresion-4-broches\/#primaryimage\"},\"thumbnailUrl\":\"https:\/\/beautifullcostadelsol.com\/wp-content\/uploads\/2023\/10\/faja-de-alta-compresion-4-broches-1.png\",\"datePublished\":\"2023-10-26T10:17:53+00:00\",\"dateModified\":\"2024-02-08T22:57:40+00:00\",\"breadcrumb\":{\"@id\":\"https:\/\/beautifullcostadelsol.com\/index.php\/product\/faja-de-alta-compresion-4-broches\/#breadcrumb\"},\"inLanguage\":\"es\",\"potentialAction\":[{\"@type\":\"ReadAction\",\"target\":[\"https:\/\/beautifullcostadelsol.com\/index.php\/product\/faja-de-alta-compresion-4-broches\/\"]}]},{\"@type\":\"ImageObject\",\"inLanguage\":\"es\",\"@id\":\"https:\/\/beautifullcostadelsol.com\/index.php\/product\/faja-de-alta-compresion-4-broches\/#primaryimage\",\"url\":\"https:\/\/beautifullcostadelsol.com\/wp-content\/uploads\/2023\/10\/faja-de-alta-compresion-4-broches-1.png\",\"contentUrl\":\"https:\/\/beautifullcostadelsol.com\/wp-content\/uploads\/2023\/10\/faja-de-alta-compresion-4-broches-1.png\",\"width\":915,\"height\":1109,\"caption\":\"fajas colombianas fajas colombianas reductoras fajas reductoras colombianas fajas colombianas en madrid fajas colombianas madrid amazon fajas colombianas fajas colombianas amazon fajas colombianas en amazon fajas colombianas en barcelona fajas colombianas barcelona fajas colombianas en espa\u00f1a fajas colombianas espa\u00f1a fajas colombianas originales fajas colombianas antes y despu\u00e9s fajas colombianas antes y despues fajas colombianas salome salome fajas colombianas fajas moldeadoras colombianas fajas colombianas moldeadoras fajas postparto colombianas fajas colombianas en valencia fajas colombianas postparto fajas post parto colombianas fajas colombianas contrareembolso fajas colombianas valencia fajas colombianas tenerife fajas colombianas leonisa tienda de fajas colombianas en madrid fajas fajate colombianas fajas myd colombianas fajas colombianas fajate fajas colombianas el corte ingl\u00e9s fajas colombianas el corte ingles fajas colombianas las palmas leonisa fajas colombianas fajas cinturilla colombianas shein fajas colombianas comprar fajas colombianas fajas colombianas hombre fajas colombianas en zaragoza tiendas de fajas colombianas en madrid fajas colombianas baratas las mejores fajas reductoras colombianas fajas colombianas cinturilla tienda de fajas colombianas mejores fajas colombianas las mejores fajas colombianas fajas colombianas usera tienda de fajas colombianas en barcelona fajas colombianas comprar tiendas de fajas colombianas en barcelona fajas colombianas maria e fajas colombianas cerca de mi fajas colombianas en sevilla fajas colombianas alicante maria e fajas colombianas fajas reductoras colombianas amazon fajas colombianas latex fajas colombianas en palma de mallorca fajas colombianas chaleco fajas colombianas reductoras abdomen fajas chaleco colombianas fajas colombianas precio fajas post operatorias colombianas fajas colombianas en murcia fajas colombianas de yeso fajas de latex colombianas fajas de l\u00e1tex colombianas fajas colombianas post operatorias fajas colombianas precios fajas colombianas de l\u00e1tex fajas reductoras colombianas en espa\u00f1a precio de fajas colombianas body fajas colombianas fajas postoperatorias colombianas amazon fajas reductoras colombianas fajas colombianas de latex fajas colombianas murcia fajas levanta cola colombianas fajas colombianas levanta cola fajas de yeso colombianas fajas colombianas en bilbao fajas colombianas opiniones fajas postquir\u00fargicas colombianas fajas levanta gluteos colombianas fajas colombianas salome en madrid marcas de fajas colombianas fajas colombianas en tenerife fajas reductoras de cintura y abdomen colombianas fajas colombianas reloj de arena fajas colombianas pitbull fajas para hombres colombianas fajas colombianas para hombre fajas levanta gl\u00fateos colombianas fajas colombianas madrid cuatro caminos fajas colombianas post quirurgicas fajas colombianas post quir\u00fargicas fajas postquirurgicas colombianas tienda de fajas colombianas en valencia donde comprar fajas colombianas cuales son las mejores fajas colombianas [19:41, 24\/10\/2023] David Tocayo: fajas post quirurgicas faja abdominal postoperatoria faja abdominal mujer abdominoplastia faja muy apretada es bueno usar faja para hernia umbilical faja para hernia abdominal mujer faja post operatoria farmacia faja umbilical adulto farmacia faja hernia umbilical farmacia faja tubular abdominal postoperatoria faja abdominal postoperatoria mujer faja post quir\u00fargica abdominal fajas post operatorias abdominoplastia fajas post operatorias lipoescultura faja abdominal decathlon faja abdominoplastia ortopedia mejores fajas post liposucci\u00f3n faja post operatoria hernia umbilical faja post liposucci\u00f3n piernas faja liposucci\u00f3n mujer faja para hernia umbilical adultos fajas abdominales postoperatorias para hombres fajas postquirurgicas espa\u00f1a faja abdominoplastia voe faja abdominal postoperatoria para que sirve faja post quir\u00fargica abdominoplastia fajas post operatorias espa\u00f1a faja post liposucci\u00f3n cu\u00e1nto tiempo ortopedia fajas liposucci\u00f3n fajas post operatorias barcelona\"},{\"@type\":\"BreadcrumbList\",\"@id\":\"https:\/\/beautifullcostadelsol.com\/index.php\/product\/faja-de-alta-compresion-4-broches\/#breadcrumb\",\"itemListElement\":[{\"@type\":\"ListItem\",\"position\":1,\"name\":\"Portada\",\"item\":\"https:\/\/beautifullcostadelsol.com\/\"},{\"@type\":\"ListItem\",\"position\":2,\"name\":\"Tienda\",\"item\":\"https:\/\/beautifullcostadelsol.com\/index.php\/tienda\/\"},{\"@type\":\"ListItem\",\"position\":3,\"name\":\"Faja De Alta Compresi\u00f3n 4 Broches\"}]},{\"@type\":\"WebSite\",\"@id\":\"https:\/\/beautifullcostadelsol.com\/#website\",\"url\":\"https:\/\/beautifullcostadelsol.com\/\",\"name\":\"Fajas Colombianas Beautifull Costa del Sol\",\"description\":\"Moldeadoras, Reductoras, Post Quir\u00fargicas, Post Parto\",\"publisher\":{\"@id\":\"https:\/\/beautifullcostadelsol.com\/#organization\"},\"potentialAction\":[{\"@type\":\"SearchAction\",\"target\":{\"@type\":\"EntryPoint\",\"urlTemplate\":\"https:\/\/beautifullcostadelsol.com\/?s={search_term_string}\"},\"query-input\":{\"@type\":\"PropertyValueSpecification\",\"valueRequired\":true,\"valueName\":\"search_term_string\"}}],\"inLanguage\":\"es\"},{\"@type\":\"Organization\",\"@id\":\"https:\/\/beautifullcostadelsol.com\/#organization\",\"name\":\"Fajas Colombianas Beautifull Costa del Sol\",\"url\":\"https:\/\/beautifullcostadelsol.com\/\",\"logo\":{\"@type\":\"ImageObject\",\"inLanguage\":\"es\",\"@id\":\"https:\/\/beautifullcostadelsol.com\/#\/schema\/logo\/image\/\",\"url\":\"\",\"contentUrl\":\"\",\"caption\":\"Fajas Colombianas Beautifull Costa del Sol\"},\"image\":{\"@id\":\"https:\/\/beautifullcostadelsol.com\/#\/schema\/logo\/image\/\"}}]}<\/script>\n<!-- \/ Yoast SEO plugin. -->","yoast_head_json":{"title":"Faja De Alta Compresi\u00f3n 4 Broches - Fajas Colombianas Beautifull Costa del Sol","robots":{"index":"index","follow":"follow","max-snippet":"max-snippet:-1","max-image-preview":"max-image-preview:large","max-video-preview":"max-video-preview:-1"},"canonical":"https:\/\/beautifullcostadelsol.com\/index.php\/product\/faja-de-alta-compresion-4-broches\/","og_locale":"es_ES","og_type":"article","og_title":"Faja De Alta Compresi\u00f3n 4 Broches - Fajas Colombianas Beautifull Costa del Sol","og_description":"\u00a1Descubre nuestras exclusivas fajas post parto y fajas reductoras colombianas en Espa\u00f1a! Presentamos la Faja de Alta Compresi\u00f3n con 4 broches Fajitex, elaborada en powernet, un material de compresi\u00f3n resistente. Esta faja redefine el confort y la discreci\u00f3n. Sus costuras planas garantizan comodidad mientras permaneces discretamente estilizada.  &nbsp;","og_url":"https:\/\/beautifullcostadelsol.com\/index.php\/product\/faja-de-alta-compresion-4-broches\/","og_site_name":"Fajas Colombianas Beautifull Costa del Sol","article_modified_time":"2024-02-08T22:57:40+00:00","og_image":[{"width":915,"height":1109,"url":"https:\/\/beautifullcostadelsol.com\/wp-content\/uploads\/2023\/10\/faja-de-alta-compresion-4-broches-1.png","type":"image\/png"}],"twitter_card":"summary_large_image","twitter_misc":{"Tiempo de lectura":"1 minuto"},"schema":{"@context":"https:\/\/schema.org","@graph":[{"@type":"WebPage","@id":"https:\/\/beautifullcostadelsol.com\/index.php\/product\/faja-de-alta-compresion-4-broches\/","url":"https:\/\/beautifullcostadelsol.com\/index.php\/product\/faja-de-alta-compresion-4-broches\/","name":"Faja De Alta Compresi\u00f3n 4 Broches - Fajas Colombianas Beautifull Costa del Sol","isPartOf":{"@id":"https:\/\/beautifullcostadelsol.com\/#website"},"primaryImageOfPage":{"@id":"https:\/\/beautifullcostadelsol.com\/index.php\/product\/faja-de-alta-compresion-4-broches\/#primaryimage"},"image":{"@id":"https:\/\/beautifullcostadelsol.com\/index.php\/product\/faja-de-alta-compresion-4-broches\/#primaryimage"},"thumbnailUrl":"https:\/\/beautifullcostadelsol.com\/wp-content\/uploads\/2023\/10\/faja-de-alta-compresion-4-broches-1.png","datePublished":"2023-10-26T10:17:53+00:00","dateModified":"2024-02-08T22:57:40+00:00","breadcrumb":{"@id":"https:\/\/beautifullcostadelsol.com\/index.php\/product\/faja-de-alta-compresion-4-broches\/#breadcrumb"},"inLanguage":"es","potentialAction":[{"@type":"ReadAction","target":["https:\/\/beautifullcostadelsol.com\/index.php\/product\/faja-de-alta-compresion-4-broches\/"]}]},{"@type":"ImageObject","inLanguage":"es","@id":"https:\/\/beautifullcostadelsol.com\/index.php\/product\/faja-de-alta-compresion-4-broches\/#primaryimage","url":"https:\/\/beautifullcostadelsol.com\/wp-content\/uploads\/2023\/10\/faja-de-alta-compresion-4-broches-1.png","contentUrl":"https:\/\/beautifullcostadelsol.com\/wp-content\/uploads\/2023\/10\/faja-de-alta-compresion-4-broches-1.png","width":915,"height":1109,"caption":"fajas colombianas fajas colombianas reductoras fajas reductoras colombianas fajas colombianas en madrid fajas colombianas madrid amazon fajas colombianas fajas colombianas amazon fajas colombianas en amazon fajas colombianas en barcelona fajas colombianas barcelona fajas colombianas en espa\u00f1a fajas colombianas espa\u00f1a fajas colombianas originales fajas colombianas antes y despu\u00e9s fajas colombianas antes y despues fajas colombianas salome salome fajas colombianas fajas moldeadoras colombianas fajas colombianas moldeadoras fajas postparto colombianas fajas colombianas en valencia fajas colombianas postparto fajas post parto colombianas fajas colombianas contrareembolso fajas colombianas valencia fajas colombianas tenerife fajas colombianas leonisa tienda de fajas colombianas en madrid fajas fajate colombianas fajas myd colombianas fajas colombianas fajate fajas colombianas el corte ingl\u00e9s fajas colombianas el corte ingles fajas colombianas las palmas leonisa fajas colombianas fajas cinturilla colombianas shein fajas colombianas comprar fajas colombianas fajas colombianas hombre fajas colombianas en zaragoza tiendas de fajas colombianas en madrid fajas colombianas baratas las mejores fajas reductoras colombianas fajas colombianas cinturilla tienda de fajas colombianas mejores fajas colombianas las mejores fajas colombianas fajas colombianas usera tienda de fajas colombianas en barcelona fajas colombianas comprar tiendas de fajas colombianas en barcelona fajas colombianas maria e fajas colombianas cerca de mi fajas colombianas en sevilla fajas colombianas alicante maria e fajas colombianas fajas reductoras colombianas amazon fajas colombianas latex fajas colombianas en palma de mallorca fajas colombianas chaleco fajas colombianas reductoras abdomen fajas chaleco colombianas fajas colombianas precio fajas post operatorias colombianas fajas colombianas en murcia fajas colombianas de yeso fajas de latex colombianas fajas de l\u00e1tex colombianas fajas colombianas post operatorias fajas colombianas precios fajas colombianas de l\u00e1tex fajas reductoras colombianas en espa\u00f1a precio de fajas colombianas body fajas colombianas fajas postoperatorias colombianas amazon fajas reductoras colombianas fajas colombianas de latex fajas colombianas murcia fajas levanta cola colombianas fajas colombianas levanta cola fajas de yeso colombianas fajas colombianas en bilbao fajas colombianas opiniones fajas postquir\u00fargicas colombianas fajas levanta gluteos colombianas fajas colombianas salome en madrid marcas de fajas colombianas fajas colombianas en tenerife fajas reductoras de cintura y abdomen colombianas fajas colombianas reloj de arena fajas colombianas pitbull fajas para hombres colombianas fajas colombianas para hombre fajas levanta gl\u00fateos colombianas fajas colombianas madrid cuatro caminos fajas colombianas post quirurgicas fajas colombianas post quir\u00fargicas fajas postquirurgicas colombianas tienda de fajas colombianas en valencia donde comprar fajas colombianas cuales son las mejores fajas colombianas [19:41, 24\/10\/2023] David Tocayo: fajas post quirurgicas faja abdominal postoperatoria faja abdominal mujer abdominoplastia faja muy apretada es bueno usar faja para hernia umbilical faja para hernia abdominal mujer faja post operatoria farmacia faja umbilical adulto farmacia faja hernia umbilical farmacia faja tubular abdominal postoperatoria faja abdominal postoperatoria mujer faja post quir\u00fargica abdominal fajas post operatorias abdominoplastia fajas post operatorias lipoescultura faja abdominal decathlon faja abdominoplastia ortopedia mejores fajas post liposucci\u00f3n faja post operatoria hernia umbilical faja post liposucci\u00f3n piernas faja liposucci\u00f3n mujer faja para hernia umbilical adultos fajas abdominales postoperatorias para hombres fajas postquirurgicas espa\u00f1a faja abdominoplastia voe faja abdominal postoperatoria para que sirve faja post quir\u00fargica abdominoplastia fajas post operatorias espa\u00f1a faja post liposucci\u00f3n cu\u00e1nto tiempo ortopedia fajas liposucci\u00f3n fajas post operatorias barcelona"},{"@type":"BreadcrumbList","@id":"https:\/\/beautifullcostadelsol.com\/index.php\/product\/faja-de-alta-compresion-4-broches\/#breadcrumb","itemListElement":[{"@type":"ListItem","position":1,"name":"Portada","item":"https:\/\/beautifullcostadelsol.com\/"},{"@type":"ListItem","position":2,"name":"Tienda","item":"https:\/\/beautifullcostadelsol.com\/index.php\/tienda\/"},{"@type":"ListItem","position":3,"name":"Faja De Alta Compresi\u00f3n 4 Broches"}]},{"@type":"WebSite","@id":"https:\/\/beautifullcostadelsol.com\/#website","url":"https:\/\/beautifullcostadelsol.com\/","name":"Fajas Colombianas Beautifull Costa del Sol","description":"Moldeadoras, Reductoras, Post Quir\u00fargicas, Post Parto","publisher":{"@id":"https:\/\/beautifullcostadelsol.com\/#organization"},"potentialAction":[{"@type":"SearchAction","target":{"@type":"EntryPoint","urlTemplate":"https:\/\/beautifullcostadelsol.com\/?s={search_term_string}"},"query-input":{"@type":"PropertyValueSpecification","valueRequired":true,"valueName":"search_term_string"}}],"inLanguage":"es"},{"@type":"Organization","@id":"https:\/\/beautifullcostadelsol.com\/#organization","name":"Fajas Colombianas Beautifull Costa del Sol","url":"https:\/\/beautifullcostadelsol.com\/","logo":{"@type":"ImageObject","inLanguage":"es","@id":"https:\/\/beautifullcostadelsol.com\/#\/schema\/logo\/image\/","url":"","contentUrl":"","caption":"Fajas Colombianas Beautifull Costa del Sol"},"image":{"@id":"https:\/\/beautifullcostadelsol.com\/#\/schema\/logo\/image\/"}}]}},"_links":{"self":[{"href":"https:\/\/beautifullcostadelsol.com\/index.php\/wp-json\/wp\/v2\/product\/468"}],"collection":[{"href":"https:\/\/beautifullcostadelsol.com\/index.php\/wp-json\/wp\/v2\/product"}],"about":[{"href":"https:\/\/beautifullcostadelsol.com\/index.php\/wp-json\/wp\/v2\/types\/product"}],"replies":[{"embeddable":true,"href":"https:\/\/beautifullcostadelsol.com\/index.php\/wp-json\/wp\/v2\/comments?post=468"}],"wp:featuredmedia":[{"embeddable":true,"href":"https:\/\/beautifullcostadelsol.com\/index.php\/wp-json\/wp\/v2\/media\/470"}],"wp:attachment":[{"href":"https:\/\/beautifullcostadelsol.com\/index.php\/wp-json\/wp\/v2\/media?parent=468"}],"wp:term":[{"taxonomy":"product_cat","embeddable":true,"href":"https:\/\/beautifullcostadelsol.com\/index.php\/wp-json\/wp\/v2\/product_cat?post=468"},{"taxonomy":"product_tag","embeddable":true,"href":"https:\/\/beautifullcostadelsol.com\/index.php\/wp-json\/wp\/v2\/product_tag?post=468"}],"curies":[{"name":"wp","href":"https:\/\/api.w.org\/{rel}","templated":true}]}}