{"id":507,"date":"2023-10-26T19:25:46","date_gmt":"2023-10-26T17:25:46","guid":{"rendered":"https:\/\/beautifullcostadelsol.com\/?post_type=product&#038;p=507"},"modified":"2024-02-08T22:44:06","modified_gmt":"2024-02-08T21:44:06","slug":"faja-marilyn-extracorta","status":"publish","type":"product","link":"https:\/\/beautifullcostadelsol.com\/index.php\/product\/faja-marilyn-extracorta\/","title":{"rendered":"Faja Marilyn Extracorta"},"content":{"rendered":"<p>Esta faja reductora para vestidos est\u00e1 dise\u00f1ada para satisfacer tus necesidades de comodidad, discreci\u00f3n y efectividad. Est\u00e1 confeccionada con el excepcional powernet de alta compresi\u00f3n, que es la firma de la calidad colombiana en este \u00e1mbito. Las costuras planas aseguran un ajuste perfecto y sin molestias, permiti\u00e9ndote disfrutar de tu d\u00eda sin preocupaciones.<\/p>\n<p>Uno de los aspectos m\u00e1s destacados de esta prenda es su corta longitud, perfecta para aquellas ocasiones en las que deseas lucir tus piernas con confianza. La blonda siliconada que adorna la parte inferior de la faja garantiza que se mantenga en su lugar sin dejar rastro, para que puedas olvidarte de ajustes inc\u00f3modos.<\/p>\n<p>\u00bfTe preocupa tu postura? La espalda alta de esta faja est\u00e1 dise\u00f1ada para ayudarte a corregirla, proporcion\u00e1ndote un soporte excepcional. Adem\u00e1s, cuenta con dos niveles de broche al centro que permiten un ajuste personalizado, reforzando y comprimiendo all\u00ed donde lo necesitas.<\/p>\n<p>Pero eso no es todo, esta faja short extra corto tambi\u00e9n incluye un cubrimiento axilar y de espalda, contribuyendo a\u00fan m\u00e1s a tu correcci\u00f3n postural. \u00bfNecesitas un impulso adicional en la zona abdominal? \u00a1No hay problema! La Faja Short Extra Corto tiene un refuerzo abdominal para una compresi\u00f3n \u00f3ptima.<\/p>\n<p>Si lo que buscas es realzar tus gl\u00fateos de manera natural, esta prenda tambi\u00e9n tiene ese poder m\u00e1gico. Adem\u00e1s, su dise\u00f1o extra corto en la pierna con la blonda siliconada evita que se enrolle, lo que la hace ideal para usar con prendas cortas y ajustadas.<\/p>\n<p>En resumen, la Faja Short Extra Corto con Broche al Centro es la elecci\u00f3n perfecta para quienes desean lo mejor en fajas reductoras colombianas. No solo te brinda un aspecto esbelto y elegante, sino que tambi\u00e9n se preocupa por tu comodidad y bienestar. \u00bfEst\u00e1s lista para experimentar la diferencia de una faja colombiana original? \u00a1Hazlo con estilo y confianza!<\/p>\n","protected":false},"excerpt":{"rendered":"<p>Descubre las aut\u00e9nticas fajas colombianas originales, una verdadera revoluci\u00f3n en el mundo de la moda y el bienestar. En Espa\u00f1a, las mejores fajas reductoras colombianas est\u00e1n disponibles para ti, y hoy te presentamos una joya de nuestro cat\u00e1logo: la Faja Short Extra Corto con Broche al Centro.<\/p>\n","protected":false},"featured_media":510,"comment_status":"open","ping_status":"closed","template":"","meta":{"_joinchat":[]},"product_cat":[77,56,76,63],"product_tag":[67,59,58,69],"yoast_head":"<!-- This site is optimized with the Yoast SEO plugin v23.5 - https:\/\/yoast.com\/wordpress\/plugins\/seo\/ -->\n<title>Faja Marilyn Extracorta - Fajas Colombianas Beautifull Costa del Sol<\/title>\n<meta name=\"robots\" content=\"index, follow, max-snippet:-1, max-image-preview:large, max-video-preview:-1\" \/>\n<link rel=\"canonical\" href=\"https:\/\/beautifullcostadelsol.com\/index.php\/product\/faja-marilyn-extracorta\/\" \/>\n<meta property=\"og:locale\" content=\"es_ES\" \/>\n<meta property=\"og:type\" content=\"article\" \/>\n<meta property=\"og:title\" content=\"Faja Marilyn Extracorta - Fajas Colombianas Beautifull Costa del Sol\" \/>\n<meta property=\"og:description\" content=\"Descubre las aut\u00e9nticas fajas colombianas originales, una verdadera revoluci\u00f3n en el mundo de la moda y el bienestar. En Espa\u00f1a, las mejores fajas reductoras colombianas est\u00e1n disponibles para ti, y hoy te presentamos una joya de nuestro cat\u00e1logo: la Faja Short Extra Corto con Broche al Centro.\" \/>\n<meta property=\"og:url\" content=\"https:\/\/beautifullcostadelsol.com\/index.php\/product\/faja-marilyn-extracorta\/\" \/>\n<meta property=\"og:site_name\" content=\"Fajas Colombianas Beautifull Costa del Sol\" \/>\n<meta property=\"article:modified_time\" content=\"2024-02-08T21:44:06+00:00\" \/>\n<meta property=\"og:image\" content=\"https:\/\/beautifullcostadelsol.com\/wp-content\/uploads\/2023\/10\/faja-marilyn-extracorta-moldeo-instantaneo.png\" \/>\n\t<meta property=\"og:image:width\" content=\"915\" \/>\n\t<meta property=\"og:image:height\" content=\"1109\" \/>\n\t<meta property=\"og:image:type\" content=\"image\/png\" \/>\n<meta name=\"twitter:card\" content=\"summary_large_image\" \/>\n<meta name=\"twitter:label1\" content=\"Tiempo de lectura\" \/>\n\t<meta name=\"twitter:data1\" content=\"2 minutos\" \/>\n<script type=\"application\/ld+json\" class=\"yoast-schema-graph\">{\"@context\":\"https:\/\/schema.org\",\"@graph\":[{\"@type\":\"WebPage\",\"@id\":\"https:\/\/beautifullcostadelsol.com\/index.php\/product\/faja-marilyn-extracorta\/\",\"url\":\"https:\/\/beautifullcostadelsol.com\/index.php\/product\/faja-marilyn-extracorta\/\",\"name\":\"Faja Marilyn Extracorta - Fajas Colombianas Beautifull Costa del Sol\",\"isPartOf\":{\"@id\":\"https:\/\/beautifullcostadelsol.com\/#website\"},\"primaryImageOfPage\":{\"@id\":\"https:\/\/beautifullcostadelsol.com\/index.php\/product\/faja-marilyn-extracorta\/#primaryimage\"},\"image\":{\"@id\":\"https:\/\/beautifullcostadelsol.com\/index.php\/product\/faja-marilyn-extracorta\/#primaryimage\"},\"thumbnailUrl\":\"https:\/\/beautifullcostadelsol.com\/wp-content\/uploads\/2023\/10\/faja-marilyn-extracorta-moldeo-instantaneo.png\",\"datePublished\":\"2023-10-26T17:25:46+00:00\",\"dateModified\":\"2024-02-08T21:44:06+00:00\",\"breadcrumb\":{\"@id\":\"https:\/\/beautifullcostadelsol.com\/index.php\/product\/faja-marilyn-extracorta\/#breadcrumb\"},\"inLanguage\":\"es\",\"potentialAction\":[{\"@type\":\"ReadAction\",\"target\":[\"https:\/\/beautifullcostadelsol.com\/index.php\/product\/faja-marilyn-extracorta\/\"]}]},{\"@type\":\"ImageObject\",\"inLanguage\":\"es\",\"@id\":\"https:\/\/beautifullcostadelsol.com\/index.php\/product\/faja-marilyn-extracorta\/#primaryimage\",\"url\":\"https:\/\/beautifullcostadelsol.com\/wp-content\/uploads\/2023\/10\/faja-marilyn-extracorta-moldeo-instantaneo.png\",\"contentUrl\":\"https:\/\/beautifullcostadelsol.com\/wp-content\/uploads\/2023\/10\/faja-marilyn-extracorta-moldeo-instantaneo.png\",\"width\":915,\"height\":1109,\"caption\":\"fajas moldeadoras fajas colombianas fajas reductoras para vestidos fajas colombianas madrid fajas reductoras de cintura y abdomen la mejor faja para disimular barriga fajas colombianas amazon fajas reductoras abdomen fajas reductoras de abdomen decathlon fajas colombianas en espa\u00f1a fajas colombianas originales fajas colombianas salome fajas reductoras abdomen intimissimi fajas colombianas el corte ingl\u00e9s fajas moldeadoras colombianas fajas colombianas reductoras abdomen las mejores fajas reductoras colombianas fajas colombianas baratas fajas colombianas post operatorias fajas reductoras de cintura y abdomen colombianas fajas colombianas en sevilla fajas moldeadoras para vestidos fajas moldeadoras amazon fajas moldeadoras primark fajas reductoras de cintura y abdomen para hombres fajas reductoras de cintura y abdomen amazon fajas moldeadoras de cintura fajas moldeadoras hombre fajas colombianas fajas colombianas reductoras fajas reductoras colombianas fajas colombianas en madrid fajas colombianas madrid amazon fajas colombianas fajas colombianas amazon fajas colombianas en amazon fajas colombianas en barcelona fajas colombianas barcelona fajas colombianas en espa\u00f1a fajas colombianas espa\u00f1a fajas colombianas originales fajas colombianas antes y despu\u00e9s fajas colombianas antes y despues fajas colombianas salome salome fajas colombianas fajas moldeadoras colombianas fajas colombianas moldeadoras fajas postparto colombianas fajas colombianas en valencia fajas colombianas postparto fajas post parto colombianas fajas colombianas contrareembolso fajas colombianas valencia fajas colombianas tenerife fajas colombianas leonisa tienda de fajas fajas post quirurgicas faja abdominal postoperatoria faja abdominal mujer abdominoplastia faja muy apretada es bueno usar faja para hernia umbilical faja para hernia abdominal mujer faja post operatoria farmacia faja umbilical adulto farmacia faja hernia umbilical farmacia faja tubular abdominal postoperatoria faja abdominal postoperatoria mujer faja post quir\u00fargica abdominal fajas post operatorias abdominoplastia fajas post operatorias lipoescultura faja abdominal decathlon faja abdominoplastia ortopedia mejores fajas post liposucci\u00f3n faja post operatoria hernia umbilical faja post liposucci\u00f3n piernas faja liposucci\u00f3n mujer faja para hernia umbilical adultos fajas abdominales postoperatorias para hombres fajas postquirurgicas espa\u00f1a faja abdominoplastia voe faja abdominal postoperatoria para que sirve faja post quir\u00fargica abdominoplastia fajas post operatorias espa\u00f1a faja post liposucci\u00f3n cu\u00e1nto tiempo ortopedia fajas liposucci\u00f3n fajas post operatorias barcelona fajas post parto fajas colombianas fajas post operatorio fajas post parto ces\u00e1rea faja postparto tubular faja postparto farmacia faja post ces\u00e1rea farmacia fajas post parto tubulares fajas postparto farmacia faja tubular decathlon mejor faja postparto mejores fajas post parto fajas postparto para recuperar la figura faja tubular abdominal faja tubular farmacia faja post parto chicco a los cuantos d\u00edas despu\u00e9s del parto puedo usar faja faja postparto chicco fajas post parto colombianas faja embarazo carrefour faja postparto carrefour las mejores fajas reductoras colombianas fajas post parto ces\u00e1rea opiniones faja postparto opiniones fajas post parto opiniones fajas post parto amazon faja postparto prenatal faja tubular postoperatoria faja despu\u00e9s del parto si o no faja postparto el corte ingl\u00e9s mejor faja postparto ces\u00e1rea faja postparto ces\u00e1rea farmacia faja postparto farmalastic faja tubular postparto ces\u00e1rea faja postparto cesarea amazon fajas post parto farmacia\"},{\"@type\":\"BreadcrumbList\",\"@id\":\"https:\/\/beautifullcostadelsol.com\/index.php\/product\/faja-marilyn-extracorta\/#breadcrumb\",\"itemListElement\":[{\"@type\":\"ListItem\",\"position\":1,\"name\":\"Portada\",\"item\":\"https:\/\/beautifullcostadelsol.com\/\"},{\"@type\":\"ListItem\",\"position\":2,\"name\":\"Tienda\",\"item\":\"https:\/\/beautifullcostadelsol.com\/index.php\/tienda\/\"},{\"@type\":\"ListItem\",\"position\":3,\"name\":\"Faja Marilyn Extracorta\"}]},{\"@type\":\"WebSite\",\"@id\":\"https:\/\/beautifullcostadelsol.com\/#website\",\"url\":\"https:\/\/beautifullcostadelsol.com\/\",\"name\":\"Fajas Colombianas Beautifull Costa del Sol\",\"description\":\"Moldeadoras, Reductoras, Post Quir\u00fargicas, Post Parto\",\"publisher\":{\"@id\":\"https:\/\/beautifullcostadelsol.com\/#organization\"},\"potentialAction\":[{\"@type\":\"SearchAction\",\"target\":{\"@type\":\"EntryPoint\",\"urlTemplate\":\"https:\/\/beautifullcostadelsol.com\/?s={search_term_string}\"},\"query-input\":{\"@type\":\"PropertyValueSpecification\",\"valueRequired\":true,\"valueName\":\"search_term_string\"}}],\"inLanguage\":\"es\"},{\"@type\":\"Organization\",\"@id\":\"https:\/\/beautifullcostadelsol.com\/#organization\",\"name\":\"Fajas Colombianas Beautifull Costa del Sol\",\"url\":\"https:\/\/beautifullcostadelsol.com\/\",\"logo\":{\"@type\":\"ImageObject\",\"inLanguage\":\"es\",\"@id\":\"https:\/\/beautifullcostadelsol.com\/#\/schema\/logo\/image\/\",\"url\":\"\",\"contentUrl\":\"\",\"caption\":\"Fajas Colombianas Beautifull Costa del Sol\"},\"image\":{\"@id\":\"https:\/\/beautifullcostadelsol.com\/#\/schema\/logo\/image\/\"}}]}<\/script>\n<!-- \/ Yoast SEO plugin. -->","yoast_head_json":{"title":"Faja Marilyn Extracorta - Fajas Colombianas Beautifull Costa del Sol","robots":{"index":"index","follow":"follow","max-snippet":"max-snippet:-1","max-image-preview":"max-image-preview:large","max-video-preview":"max-video-preview:-1"},"canonical":"https:\/\/beautifullcostadelsol.com\/index.php\/product\/faja-marilyn-extracorta\/","og_locale":"es_ES","og_type":"article","og_title":"Faja Marilyn Extracorta - Fajas Colombianas Beautifull Costa del Sol","og_description":"Descubre las aut\u00e9nticas fajas colombianas originales, una verdadera revoluci\u00f3n en el mundo de la moda y el bienestar. En Espa\u00f1a, las mejores fajas reductoras colombianas est\u00e1n disponibles para ti, y hoy te presentamos una joya de nuestro cat\u00e1logo: la Faja Short Extra Corto con Broche al Centro.","og_url":"https:\/\/beautifullcostadelsol.com\/index.php\/product\/faja-marilyn-extracorta\/","og_site_name":"Fajas Colombianas Beautifull Costa del Sol","article_modified_time":"2024-02-08T21:44:06+00:00","og_image":[{"width":915,"height":1109,"url":"https:\/\/beautifullcostadelsol.com\/wp-content\/uploads\/2023\/10\/faja-marilyn-extracorta-moldeo-instantaneo.png","type":"image\/png"}],"twitter_card":"summary_large_image","twitter_misc":{"Tiempo de lectura":"2 minutos"},"schema":{"@context":"https:\/\/schema.org","@graph":[{"@type":"WebPage","@id":"https:\/\/beautifullcostadelsol.com\/index.php\/product\/faja-marilyn-extracorta\/","url":"https:\/\/beautifullcostadelsol.com\/index.php\/product\/faja-marilyn-extracorta\/","name":"Faja Marilyn Extracorta - Fajas Colombianas Beautifull Costa del Sol","isPartOf":{"@id":"https:\/\/beautifullcostadelsol.com\/#website"},"primaryImageOfPage":{"@id":"https:\/\/beautifullcostadelsol.com\/index.php\/product\/faja-marilyn-extracorta\/#primaryimage"},"image":{"@id":"https:\/\/beautifullcostadelsol.com\/index.php\/product\/faja-marilyn-extracorta\/#primaryimage"},"thumbnailUrl":"https:\/\/beautifullcostadelsol.com\/wp-content\/uploads\/2023\/10\/faja-marilyn-extracorta-moldeo-instantaneo.png","datePublished":"2023-10-26T17:25:46+00:00","dateModified":"2024-02-08T21:44:06+00:00","breadcrumb":{"@id":"https:\/\/beautifullcostadelsol.com\/index.php\/product\/faja-marilyn-extracorta\/#breadcrumb"},"inLanguage":"es","potentialAction":[{"@type":"ReadAction","target":["https:\/\/beautifullcostadelsol.com\/index.php\/product\/faja-marilyn-extracorta\/"]}]},{"@type":"ImageObject","inLanguage":"es","@id":"https:\/\/beautifullcostadelsol.com\/index.php\/product\/faja-marilyn-extracorta\/#primaryimage","url":"https:\/\/beautifullcostadelsol.com\/wp-content\/uploads\/2023\/10\/faja-marilyn-extracorta-moldeo-instantaneo.png","contentUrl":"https:\/\/beautifullcostadelsol.com\/wp-content\/uploads\/2023\/10\/faja-marilyn-extracorta-moldeo-instantaneo.png","width":915,"height":1109,"caption":"fajas moldeadoras fajas colombianas fajas reductoras para vestidos fajas colombianas madrid fajas reductoras de cintura y abdomen la mejor faja para disimular barriga fajas colombianas amazon fajas reductoras abdomen fajas reductoras de abdomen decathlon fajas colombianas en espa\u00f1a fajas colombianas originales fajas colombianas salome fajas reductoras abdomen intimissimi fajas colombianas el corte ingl\u00e9s fajas moldeadoras colombianas fajas colombianas reductoras abdomen las mejores fajas reductoras colombianas fajas colombianas baratas fajas colombianas post operatorias fajas reductoras de cintura y abdomen colombianas fajas colombianas en sevilla fajas moldeadoras para vestidos fajas moldeadoras amazon fajas moldeadoras primark fajas reductoras de cintura y abdomen para hombres fajas reductoras de cintura y abdomen amazon fajas moldeadoras de cintura fajas moldeadoras hombre fajas colombianas fajas colombianas reductoras fajas reductoras colombianas fajas colombianas en madrid fajas colombianas madrid amazon fajas colombianas fajas colombianas amazon fajas colombianas en amazon fajas colombianas en barcelona fajas colombianas barcelona fajas colombianas en espa\u00f1a fajas colombianas espa\u00f1a fajas colombianas originales fajas colombianas antes y despu\u00e9s fajas colombianas antes y despues fajas colombianas salome salome fajas colombianas fajas moldeadoras colombianas fajas colombianas moldeadoras fajas postparto colombianas fajas colombianas en valencia fajas colombianas postparto fajas post parto colombianas fajas colombianas contrareembolso fajas colombianas valencia fajas colombianas tenerife fajas colombianas leonisa tienda de fajas fajas post quirurgicas faja abdominal postoperatoria faja abdominal mujer abdominoplastia faja muy apretada es bueno usar faja para hernia umbilical faja para hernia abdominal mujer faja post operatoria farmacia faja umbilical adulto farmacia faja hernia umbilical farmacia faja tubular abdominal postoperatoria faja abdominal postoperatoria mujer faja post quir\u00fargica abdominal fajas post operatorias abdominoplastia fajas post operatorias lipoescultura faja abdominal decathlon faja abdominoplastia ortopedia mejores fajas post liposucci\u00f3n faja post operatoria hernia umbilical faja post liposucci\u00f3n piernas faja liposucci\u00f3n mujer faja para hernia umbilical adultos fajas abdominales postoperatorias para hombres fajas postquirurgicas espa\u00f1a faja abdominoplastia voe faja abdominal postoperatoria para que sirve faja post quir\u00fargica abdominoplastia fajas post operatorias espa\u00f1a faja post liposucci\u00f3n cu\u00e1nto tiempo ortopedia fajas liposucci\u00f3n fajas post operatorias barcelona fajas post parto fajas colombianas fajas post operatorio fajas post parto ces\u00e1rea faja postparto tubular faja postparto farmacia faja post ces\u00e1rea farmacia fajas post parto tubulares fajas postparto farmacia faja tubular decathlon mejor faja postparto mejores fajas post parto fajas postparto para recuperar la figura faja tubular abdominal faja tubular farmacia faja post parto chicco a los cuantos d\u00edas despu\u00e9s del parto puedo usar faja faja postparto chicco fajas post parto colombianas faja embarazo carrefour faja postparto carrefour las mejores fajas reductoras colombianas fajas post parto ces\u00e1rea opiniones faja postparto opiniones fajas post parto opiniones fajas post parto amazon faja postparto prenatal faja tubular postoperatoria faja despu\u00e9s del parto si o no faja postparto el corte ingl\u00e9s mejor faja postparto ces\u00e1rea faja postparto ces\u00e1rea farmacia faja postparto farmalastic faja tubular postparto ces\u00e1rea faja postparto cesarea amazon fajas post parto farmacia"},{"@type":"BreadcrumbList","@id":"https:\/\/beautifullcostadelsol.com\/index.php\/product\/faja-marilyn-extracorta\/#breadcrumb","itemListElement":[{"@type":"ListItem","position":1,"name":"Portada","item":"https:\/\/beautifullcostadelsol.com\/"},{"@type":"ListItem","position":2,"name":"Tienda","item":"https:\/\/beautifullcostadelsol.com\/index.php\/tienda\/"},{"@type":"ListItem","position":3,"name":"Faja Marilyn Extracorta"}]},{"@type":"WebSite","@id":"https:\/\/beautifullcostadelsol.com\/#website","url":"https:\/\/beautifullcostadelsol.com\/","name":"Fajas Colombianas Beautifull Costa del Sol","description":"Moldeadoras, Reductoras, Post Quir\u00fargicas, Post Parto","publisher":{"@id":"https:\/\/beautifullcostadelsol.com\/#organization"},"potentialAction":[{"@type":"SearchAction","target":{"@type":"EntryPoint","urlTemplate":"https:\/\/beautifullcostadelsol.com\/?s={search_term_string}"},"query-input":{"@type":"PropertyValueSpecification","valueRequired":true,"valueName":"search_term_string"}}],"inLanguage":"es"},{"@type":"Organization","@id":"https:\/\/beautifullcostadelsol.com\/#organization","name":"Fajas Colombianas Beautifull Costa del Sol","url":"https:\/\/beautifullcostadelsol.com\/","logo":{"@type":"ImageObject","inLanguage":"es","@id":"https:\/\/beautifullcostadelsol.com\/#\/schema\/logo\/image\/","url":"","contentUrl":"","caption":"Fajas Colombianas Beautifull Costa del Sol"},"image":{"@id":"https:\/\/beautifullcostadelsol.com\/#\/schema\/logo\/image\/"}}]}},"_links":{"self":[{"href":"https:\/\/beautifullcostadelsol.com\/index.php\/wp-json\/wp\/v2\/product\/507"}],"collection":[{"href":"https:\/\/beautifullcostadelsol.com\/index.php\/wp-json\/wp\/v2\/product"}],"about":[{"href":"https:\/\/beautifullcostadelsol.com\/index.php\/wp-json\/wp\/v2\/types\/product"}],"replies":[{"embeddable":true,"href":"https:\/\/beautifullcostadelsol.com\/index.php\/wp-json\/wp\/v2\/comments?post=507"}],"wp:featuredmedia":[{"embeddable":true,"href":"https:\/\/beautifullcostadelsol.com\/index.php\/wp-json\/wp\/v2\/media\/510"}],"wp:attachment":[{"href":"https:\/\/beautifullcostadelsol.com\/index.php\/wp-json\/wp\/v2\/media?parent=507"}],"wp:term":[{"taxonomy":"product_cat","embeddable":true,"href":"https:\/\/beautifullcostadelsol.com\/index.php\/wp-json\/wp\/v2\/product_cat?post=507"},{"taxonomy":"product_tag","embeddable":true,"href":"https:\/\/beautifullcostadelsol.com\/index.php\/wp-json\/wp\/v2\/product_tag?post=507"}],"curies":[{"name":"wp","href":"https:\/\/api.w.org\/{rel}","templated":true}]}}