{"id":542,"date":"2023-10-26T20:44:15","date_gmt":"2023-10-26T18:44:15","guid":{"rendered":"https:\/\/beautifullcostadelsol.com\/?post_type=product&#038;p=542"},"modified":"2025-05-23T03:11:47","modified_gmt":"2025-05-23T01:11:47","slug":"faja-marilyn-a-la-rodilla","status":"publish","type":"product","link":"https:\/\/beautifullcostadelsol.com\/index.php\/product\/faja-marilyn-a-la-rodilla\/","title":{"rendered":"Faja Marilyn A La Rodilla"},"content":{"rendered":"<div class=\"flex-1 overflow-hidden\">\n<div class=\"react-scroll-to-bottom--css-tofxt-79elbk h-full\">\n<div class=\"react-scroll-to-bottom--css-tofxt-1n7m0yu\">\n<div class=\"flex flex-col text-sm gizmo:pb-9 dark:bg-gray-800 gizmo:dark:bg-transparent\">\n<div class=\"w-full text-token-text-primary border-b border-black\/10 gizmo:border-0 dark:border-gray-900\/50 gizmo:dark:border-0 bg-gray-50 gizmo:bg-transparent dark:bg-[#444654] gizmo:dark:bg-transparent\" data-testid=\"conversation-turn-3\">\n<div class=\"p-4 gizmo:py-2 justify-center text-base md:gap-6 md:py-6 m-auto\">\n<div class=\"flex flex-1 gap-4 text-base mx-auto md:gap-6 gizmo:gap-3 gizmo:md:px-5 gizmo:lg:px-1 gizmo:xl:px-5 md:max-w-2xl lg:max-w-[38rem] gizmo:md:max-w-3xl gizmo:lg:max-w-[40rem] gizmo:xl:max-w-[48rem] xl:max-w-3xl } group final-completion\">\n<div class=\"relative flex w-[calc(100%-50px)] flex-col gizmo:w-full lg:w-[calc(100%-115px)] agent-turn\">\n<div class=\"flex-col gap-1 md:gap-3\">\n<div class=\"flex flex-grow flex-col max-w-full gap-3 gizmo:gap-0\">\n<div class=\"min-h-[20px] text-message peer flex flex-col items-start gap-3 whitespace-pre-wrap break-words peer-[.text-message]:mt-5 overflow-x-auto\" data-message-author-role=\"assistant\" data-message-id=\"ea2a0325-b147-4c9c-8c8a-84f5717bff3d\">\n<div class=\"markdown prose w-full break-words dark:prose-invert light\">\n<p>Imagina una prenda con costuras planas ultra discretas que se adaptan perfectamente a tu cuerpo, ofreciendo un alto cubrimiento axilar y de espalda para corregir tu postura con efectividad. Adem\u00e1s, cuenta con tiras removibles que te brindan versatilidad y ajuste seg\u00fan tus preferencias.<\/p>\n<p>Nuestra faja es la aliada perfecta para reducir medidas de forma uniforme en el abdomen, abarcando desde la zona baja hasta la m\u00e1s alta, moldeando tu figura de manera integral. \u00bfQuieres realzar tu cola de forma natural? \u00a1Nuestro dise\u00f1o levanta la cola para lucir una apariencia natural y favorecedora!<\/p>\n<p>Con una versatilidad excepcional, esta prenda es ideal para cuerpos con marcadas diferencias entre cadera y cintura. Ya sea para uso diario, como moldeadora, control abdominal o en procesos postoperatorios, como el postparto o cirug\u00edas est\u00e9ticas, nuestra faja se adapta a tus necesidades, ofreciendo un soporte confiable y seguro.<\/p>\n<p>Adem\u00e1s, incorpora un sistema innovador en la zona \u00edntima: un cierre con cremallera en la zona perineal, proporcionando comodidad y facilitando su uso.<\/p>\n<p>\u00a1Transforma tu silueta con nuestra faja colombiana en Espa\u00f1a, una prenda excepcional para quienes buscan resultados efectivos y una experiencia de uso confortable y ajustada a tus necesidades!<\/p>\n<\/div>\n<\/div>\n<\/div>\n<div class=\"flex justify-between empty:hidden gizmo:mt-1 gizmo:justify-start gizmo:gap-3 lg:block gizmo:lg:flex\">\n<div class=\"text-gray-400 flex self-end lg:self-center justify-center gizmo:lg:justify-start mt-2 gizmo:mt-0 visible gap-1\">\n<p>&nbsp;<\/p>\n<div class=\"flex gap-1\"><\/div>\n<div class=\"flex items-center gap-1.5 text-xs\"><\/div>\n<\/div>\n<\/div>\n<\/div>\n<\/div>\n<\/div>\n<\/div>\n<\/div>\n<\/div>\n<\/div>\n<\/div>\n<\/div>\n<div class=\"w-full pt-2 md:pt-0 border-t md:border-t-0 gizmo:border-t-0 dark:border-white\/20 md:border-transparent md:dark:border-transparent md:pl-2 gizmo:pl-0 gizmo:md:pl-0 md:w-[calc(100%-.5rem)]\">\n<form class=\"stretch mx-2 flex flex-row gap-3 last:mb-2 md:mx-4 md:last:mb-6 lg:mx-auto lg:max-w-2xl xl:max-w-3xl\">\n<div class=\"relative flex h-full flex-1 items-stretch md:flex-col\">\n<div class=\"flex w-full items-center\"><\/div>\n<\/div>\n<\/form>\n<\/div>\n","protected":false},"excerpt":{"rendered":"<p>\u00a1Descubre nuestras exclusivas fajas colombianas en Espa\u00f1a, dise\u00f1adas para brindarte una experiencia \u00fanica y transformadora! Confeccionadas con materiales de la m\u00e1s alta calidad, nuestra faja original es una verdadera obra maestra elaborada en powernet de alta compresi\u00f3n, con un revestimiento interno en algod\u00f3n (en elegante tono beige) o en Tricot (en cl\u00e1sico negro), para garantizar la m\u00e1xima comodidad en cada uso.<\/p>\n","protected":false},"featured_media":549,"comment_status":"open","ping_status":"closed","template":"","meta":{"_joinchat":[]},"product_cat":[77,76,83],"product_tag":[89,58,64],"yoast_head":"<!-- This site is optimized with the Yoast SEO plugin v23.5 - https:\/\/yoast.com\/wordpress\/plugins\/seo\/ -->\n<title>Faja Marilyn A La Rodilla - Fajas Colombianas Beautifull Costa del Sol<\/title>\n<meta name=\"robots\" content=\"index, follow, max-snippet:-1, max-image-preview:large, max-video-preview:-1\" \/>\n<link rel=\"canonical\" href=\"https:\/\/beautifullcostadelsol.com\/index.php\/product\/faja-marilyn-a-la-rodilla\/\" \/>\n<meta property=\"og:locale\" content=\"es_ES\" \/>\n<meta property=\"og:type\" content=\"article\" \/>\n<meta property=\"og:title\" content=\"Faja Marilyn A La Rodilla - Fajas Colombianas Beautifull Costa del Sol\" \/>\n<meta property=\"og:description\" content=\"\u00a1Descubre nuestras exclusivas fajas colombianas en Espa\u00f1a, dise\u00f1adas para brindarte una experiencia \u00fanica y transformadora! Confeccionadas con materiales de la m\u00e1s alta calidad, nuestra faja original es una verdadera obra maestra elaborada en powernet de alta compresi\u00f3n, con un revestimiento interno en algod\u00f3n (en elegante tono beige) o en Tricot (en cl\u00e1sico negro), para garantizar la m\u00e1xima comodidad en cada uso.\" \/>\n<meta property=\"og:url\" content=\"https:\/\/beautifullcostadelsol.com\/index.php\/product\/faja-marilyn-a-la-rodilla\/\" \/>\n<meta property=\"og:site_name\" content=\"Fajas Colombianas Beautifull Costa del Sol\" \/>\n<meta property=\"article:modified_time\" content=\"2025-05-23T01:11:47+00:00\" \/>\n<meta property=\"og:image\" content=\"https:\/\/beautifullcostadelsol.com\/wp-content\/uploads\/2023\/10\/faja-marilyn-a-la-rodilla-cubrimiento-axilar-022841-2.png\" \/>\n\t<meta property=\"og:image:width\" content=\"915\" \/>\n\t<meta property=\"og:image:height\" content=\"1109\" \/>\n\t<meta property=\"og:image:type\" content=\"image\/png\" \/>\n<meta name=\"twitter:card\" content=\"summary_large_image\" \/>\n<meta name=\"twitter:label1\" content=\"Tiempo de lectura\" \/>\n\t<meta name=\"twitter:data1\" content=\"2 minutos\" \/>\n<script type=\"application\/ld+json\" class=\"yoast-schema-graph\">{\"@context\":\"https:\/\/schema.org\",\"@graph\":[{\"@type\":\"WebPage\",\"@id\":\"https:\/\/beautifullcostadelsol.com\/index.php\/product\/faja-marilyn-a-la-rodilla\/\",\"url\":\"https:\/\/beautifullcostadelsol.com\/index.php\/product\/faja-marilyn-a-la-rodilla\/\",\"name\":\"Faja Marilyn A La Rodilla - Fajas Colombianas Beautifull Costa del Sol\",\"isPartOf\":{\"@id\":\"https:\/\/beautifullcostadelsol.com\/#website\"},\"primaryImageOfPage\":{\"@id\":\"https:\/\/beautifullcostadelsol.com\/index.php\/product\/faja-marilyn-a-la-rodilla\/#primaryimage\"},\"image\":{\"@id\":\"https:\/\/beautifullcostadelsol.com\/index.php\/product\/faja-marilyn-a-la-rodilla\/#primaryimage\"},\"thumbnailUrl\":\"https:\/\/beautifullcostadelsol.com\/wp-content\/uploads\/2023\/10\/faja-marilyn-a-la-rodilla-cubrimiento-axilar-022841-2.png\",\"datePublished\":\"2023-10-26T18:44:15+00:00\",\"dateModified\":\"2025-05-23T01:11:47+00:00\",\"breadcrumb\":{\"@id\":\"https:\/\/beautifullcostadelsol.com\/index.php\/product\/faja-marilyn-a-la-rodilla\/#breadcrumb\"},\"inLanguage\":\"es\",\"potentialAction\":[{\"@type\":\"ReadAction\",\"target\":[\"https:\/\/beautifullcostadelsol.com\/index.php\/product\/faja-marilyn-a-la-rodilla\/\"]}]},{\"@type\":\"ImageObject\",\"inLanguage\":\"es\",\"@id\":\"https:\/\/beautifullcostadelsol.com\/index.php\/product\/faja-marilyn-a-la-rodilla\/#primaryimage\",\"url\":\"https:\/\/beautifullcostadelsol.com\/wp-content\/uploads\/2023\/10\/faja-marilyn-a-la-rodilla-cubrimiento-axilar-022841-2.png\",\"contentUrl\":\"https:\/\/beautifullcostadelsol.com\/wp-content\/uploads\/2023\/10\/faja-marilyn-a-la-rodilla-cubrimiento-axilar-022841-2.png\",\"width\":915,\"height\":1109,\"caption\":\"fajas moldeadoras fajas colombianas fajas reductoras para vestidos fajas colombianas madrid fajas reductoras de cintura y abdomen la mejor faja para disimular barriga fajas colombianas amazon fajas reductoras abdomen fajas reductoras de abdomen decathlon fajas colombianas en espa\u00f1a fajas colombianas originales fajas colombianas salome fajas reductoras abdomen intimissimi fajas colombianas el corte ingl\u00e9s fajas moldeadoras colombianas fajas colombianas reductoras abdomen las mejores fajas reductoras colombianas fajas colombianas baratas fajas colombianas post operatorias fajas reductoras de cintura y abdomen colombianas fajas colombianas en sevilla fajas moldeadoras para vestidos fajas moldeadoras amazon fajas moldeadoras primark fajas reductoras de cintura y abdomen para hombres fajas reductoras de cintura y abdomen amazon fajas moldeadoras de cintura fajas moldeadoras hombre fajas colombianas fajas colombianas reductoras fajas reductoras colombianas fajas colombianas en madrid fajas colombianas madrid amazon fajas colombianas fajas colombianas amazon fajas colombianas en amazon fajas colombianas en barcelona fajas colombianas barcelona fajas colombianas en espa\u00f1a fajas colombianas espa\u00f1a fajas colombianas originales fajas colombianas antes y despu\u00e9s fajas colombianas antes y despues fajas colombianas salome salome fajas colombianas fajas moldeadoras colombianas fajas colombianas moldeadoras fajas postparto colombianas fajas colombianas en valencia fajas colombianas postparto fajas post parto colombianas fajas colombianas contrareembolso fajas colombianas valencia fajas colombianas tenerife fajas colombianas leonisa tienda de fajas fajas post quirurgicas faja abdominal postoperatoria faja abdominal mujer abdominoplastia faja muy apretada es bueno usar faja para hernia umbilical faja para hernia abdominal mujer faja post operatoria farmacia faja umbilical adulto farmacia faja hernia umbilical farmacia faja tubular abdominal postoperatoria faja abdominal postoperatoria mujer faja post quir\u00fargica abdominal fajas post operatorias abdominoplastia fajas post operatorias lipoescultura faja abdominal decathlon faja abdominoplastia ortopedia mejores fajas post liposucci\u00f3n faja post operatoria hernia umbilical faja post liposucci\u00f3n piernas faja liposucci\u00f3n mujer faja para hernia umbilical adultos fajas abdominales postoperatorias para hombres fajas postquirurgicas espa\u00f1a faja abdominoplastia voe faja abdominal postoperatoria para que sirve faja post quir\u00fargica abdominoplastia fajas post operatorias espa\u00f1a faja post liposucci\u00f3n cu\u00e1nto tiempo ortopedia fajas liposucci\u00f3n fajas post operatorias barcelona fajas post parto fajas colombianas fajas post operatorio fajas post parto ces\u00e1rea faja postparto tubular faja postparto farmacia faja post ces\u00e1rea farmacia fajas post parto tubulares fajas postparto farmacia faja tubular decathlon mejor faja postparto mejores fajas post parto fajas postparto para recuperar la figura faja tubular abdominal faja tubular farmacia faja post parto chicco a los cuantos d\u00edas despu\u00e9s del parto puedo usar faja faja postparto chicco fajas post parto colombianas faja embarazo carrefour faja postparto carrefour las mejores fajas reductoras colombianas fajas post parto ces\u00e1rea opiniones faja postparto opiniones fajas post parto opiniones fajas post parto amazon faja postparto prenatal faja tubular postoperatoria faja despu\u00e9s del parto si o no faja postparto el corte ingl\u00e9s mejor faja postparto ces\u00e1rea faja postparto ces\u00e1rea farmacia faja postparto farmalastic faja tubular postparto ces\u00e1rea faja postparto cesarea amazon fajas post parto farmacia\"},{\"@type\":\"BreadcrumbList\",\"@id\":\"https:\/\/beautifullcostadelsol.com\/index.php\/product\/faja-marilyn-a-la-rodilla\/#breadcrumb\",\"itemListElement\":[{\"@type\":\"ListItem\",\"position\":1,\"name\":\"Portada\",\"item\":\"https:\/\/beautifullcostadelsol.com\/\"},{\"@type\":\"ListItem\",\"position\":2,\"name\":\"Tienda\",\"item\":\"https:\/\/beautifullcostadelsol.com\/index.php\/tienda\/\"},{\"@type\":\"ListItem\",\"position\":3,\"name\":\"Faja Marilyn A La Rodilla\"}]},{\"@type\":\"WebSite\",\"@id\":\"https:\/\/beautifullcostadelsol.com\/#website\",\"url\":\"https:\/\/beautifullcostadelsol.com\/\",\"name\":\"Fajas Colombianas Beautifull Costa del Sol\",\"description\":\"Moldeadoras, Reductoras, Post Quir\u00fargicas, Post Parto\",\"publisher\":{\"@id\":\"https:\/\/beautifullcostadelsol.com\/#organization\"},\"potentialAction\":[{\"@type\":\"SearchAction\",\"target\":{\"@type\":\"EntryPoint\",\"urlTemplate\":\"https:\/\/beautifullcostadelsol.com\/?s={search_term_string}\"},\"query-input\":{\"@type\":\"PropertyValueSpecification\",\"valueRequired\":true,\"valueName\":\"search_term_string\"}}],\"inLanguage\":\"es\"},{\"@type\":\"Organization\",\"@id\":\"https:\/\/beautifullcostadelsol.com\/#organization\",\"name\":\"Fajas Colombianas Beautifull Costa del Sol\",\"url\":\"https:\/\/beautifullcostadelsol.com\/\",\"logo\":{\"@type\":\"ImageObject\",\"inLanguage\":\"es\",\"@id\":\"https:\/\/beautifullcostadelsol.com\/#\/schema\/logo\/image\/\",\"url\":\"\",\"contentUrl\":\"\",\"caption\":\"Fajas Colombianas Beautifull Costa del Sol\"},\"image\":{\"@id\":\"https:\/\/beautifullcostadelsol.com\/#\/schema\/logo\/image\/\"}}]}<\/script>\n<!-- \/ Yoast SEO plugin. -->","yoast_head_json":{"title":"Faja Marilyn A La Rodilla - Fajas Colombianas Beautifull Costa del Sol","robots":{"index":"index","follow":"follow","max-snippet":"max-snippet:-1","max-image-preview":"max-image-preview:large","max-video-preview":"max-video-preview:-1"},"canonical":"https:\/\/beautifullcostadelsol.com\/index.php\/product\/faja-marilyn-a-la-rodilla\/","og_locale":"es_ES","og_type":"article","og_title":"Faja Marilyn A La Rodilla - Fajas Colombianas Beautifull Costa del Sol","og_description":"\u00a1Descubre nuestras exclusivas fajas colombianas en Espa\u00f1a, dise\u00f1adas para brindarte una experiencia \u00fanica y transformadora! Confeccionadas con materiales de la m\u00e1s alta calidad, nuestra faja original es una verdadera obra maestra elaborada en powernet de alta compresi\u00f3n, con un revestimiento interno en algod\u00f3n (en elegante tono beige) o en Tricot (en cl\u00e1sico negro), para garantizar la m\u00e1xima comodidad en cada uso.","og_url":"https:\/\/beautifullcostadelsol.com\/index.php\/product\/faja-marilyn-a-la-rodilla\/","og_site_name":"Fajas Colombianas Beautifull Costa del Sol","article_modified_time":"2025-05-23T01:11:47+00:00","og_image":[{"width":915,"height":1109,"url":"https:\/\/beautifullcostadelsol.com\/wp-content\/uploads\/2023\/10\/faja-marilyn-a-la-rodilla-cubrimiento-axilar-022841-2.png","type":"image\/png"}],"twitter_card":"summary_large_image","twitter_misc":{"Tiempo de lectura":"2 minutos"},"schema":{"@context":"https:\/\/schema.org","@graph":[{"@type":"WebPage","@id":"https:\/\/beautifullcostadelsol.com\/index.php\/product\/faja-marilyn-a-la-rodilla\/","url":"https:\/\/beautifullcostadelsol.com\/index.php\/product\/faja-marilyn-a-la-rodilla\/","name":"Faja Marilyn A La Rodilla - Fajas Colombianas Beautifull Costa del Sol","isPartOf":{"@id":"https:\/\/beautifullcostadelsol.com\/#website"},"primaryImageOfPage":{"@id":"https:\/\/beautifullcostadelsol.com\/index.php\/product\/faja-marilyn-a-la-rodilla\/#primaryimage"},"image":{"@id":"https:\/\/beautifullcostadelsol.com\/index.php\/product\/faja-marilyn-a-la-rodilla\/#primaryimage"},"thumbnailUrl":"https:\/\/beautifullcostadelsol.com\/wp-content\/uploads\/2023\/10\/faja-marilyn-a-la-rodilla-cubrimiento-axilar-022841-2.png","datePublished":"2023-10-26T18:44:15+00:00","dateModified":"2025-05-23T01:11:47+00:00","breadcrumb":{"@id":"https:\/\/beautifullcostadelsol.com\/index.php\/product\/faja-marilyn-a-la-rodilla\/#breadcrumb"},"inLanguage":"es","potentialAction":[{"@type":"ReadAction","target":["https:\/\/beautifullcostadelsol.com\/index.php\/product\/faja-marilyn-a-la-rodilla\/"]}]},{"@type":"ImageObject","inLanguage":"es","@id":"https:\/\/beautifullcostadelsol.com\/index.php\/product\/faja-marilyn-a-la-rodilla\/#primaryimage","url":"https:\/\/beautifullcostadelsol.com\/wp-content\/uploads\/2023\/10\/faja-marilyn-a-la-rodilla-cubrimiento-axilar-022841-2.png","contentUrl":"https:\/\/beautifullcostadelsol.com\/wp-content\/uploads\/2023\/10\/faja-marilyn-a-la-rodilla-cubrimiento-axilar-022841-2.png","width":915,"height":1109,"caption":"fajas moldeadoras fajas colombianas fajas reductoras para vestidos fajas colombianas madrid fajas reductoras de cintura y abdomen la mejor faja para disimular barriga fajas colombianas amazon fajas reductoras abdomen fajas reductoras de abdomen decathlon fajas colombianas en espa\u00f1a fajas colombianas originales fajas colombianas salome fajas reductoras abdomen intimissimi fajas colombianas el corte ingl\u00e9s fajas moldeadoras colombianas fajas colombianas reductoras abdomen las mejores fajas reductoras colombianas fajas colombianas baratas fajas colombianas post operatorias fajas reductoras de cintura y abdomen colombianas fajas colombianas en sevilla fajas moldeadoras para vestidos fajas moldeadoras amazon fajas moldeadoras primark fajas reductoras de cintura y abdomen para hombres fajas reductoras de cintura y abdomen amazon fajas moldeadoras de cintura fajas moldeadoras hombre fajas colombianas fajas colombianas reductoras fajas reductoras colombianas fajas colombianas en madrid fajas colombianas madrid amazon fajas colombianas fajas colombianas amazon fajas colombianas en amazon fajas colombianas en barcelona fajas colombianas barcelona fajas colombianas en espa\u00f1a fajas colombianas espa\u00f1a fajas colombianas originales fajas colombianas antes y despu\u00e9s fajas colombianas antes y despues fajas colombianas salome salome fajas colombianas fajas moldeadoras colombianas fajas colombianas moldeadoras fajas postparto colombianas fajas colombianas en valencia fajas colombianas postparto fajas post parto colombianas fajas colombianas contrareembolso fajas colombianas valencia fajas colombianas tenerife fajas colombianas leonisa tienda de fajas fajas post quirurgicas faja abdominal postoperatoria faja abdominal mujer abdominoplastia faja muy apretada es bueno usar faja para hernia umbilical faja para hernia abdominal mujer faja post operatoria farmacia faja umbilical adulto farmacia faja hernia umbilical farmacia faja tubular abdominal postoperatoria faja abdominal postoperatoria mujer faja post quir\u00fargica abdominal fajas post operatorias abdominoplastia fajas post operatorias lipoescultura faja abdominal decathlon faja abdominoplastia ortopedia mejores fajas post liposucci\u00f3n faja post operatoria hernia umbilical faja post liposucci\u00f3n piernas faja liposucci\u00f3n mujer faja para hernia umbilical adultos fajas abdominales postoperatorias para hombres fajas postquirurgicas espa\u00f1a faja abdominoplastia voe faja abdominal postoperatoria para que sirve faja post quir\u00fargica abdominoplastia fajas post operatorias espa\u00f1a faja post liposucci\u00f3n cu\u00e1nto tiempo ortopedia fajas liposucci\u00f3n fajas post operatorias barcelona fajas post parto fajas colombianas fajas post operatorio fajas post parto ces\u00e1rea faja postparto tubular faja postparto farmacia faja post ces\u00e1rea farmacia fajas post parto tubulares fajas postparto farmacia faja tubular decathlon mejor faja postparto mejores fajas post parto fajas postparto para recuperar la figura faja tubular abdominal faja tubular farmacia faja post parto chicco a los cuantos d\u00edas despu\u00e9s del parto puedo usar faja faja postparto chicco fajas post parto colombianas faja embarazo carrefour faja postparto carrefour las mejores fajas reductoras colombianas fajas post parto ces\u00e1rea opiniones faja postparto opiniones fajas post parto opiniones fajas post parto amazon faja postparto prenatal faja tubular postoperatoria faja despu\u00e9s del parto si o no faja postparto el corte ingl\u00e9s mejor faja postparto ces\u00e1rea faja postparto ces\u00e1rea farmacia faja postparto farmalastic faja tubular postparto ces\u00e1rea faja postparto cesarea amazon fajas post parto farmacia"},{"@type":"BreadcrumbList","@id":"https:\/\/beautifullcostadelsol.com\/index.php\/product\/faja-marilyn-a-la-rodilla\/#breadcrumb","itemListElement":[{"@type":"ListItem","position":1,"name":"Portada","item":"https:\/\/beautifullcostadelsol.com\/"},{"@type":"ListItem","position":2,"name":"Tienda","item":"https:\/\/beautifullcostadelsol.com\/index.php\/tienda\/"},{"@type":"ListItem","position":3,"name":"Faja Marilyn A La Rodilla"}]},{"@type":"WebSite","@id":"https:\/\/beautifullcostadelsol.com\/#website","url":"https:\/\/beautifullcostadelsol.com\/","name":"Fajas Colombianas Beautifull Costa del Sol","description":"Moldeadoras, Reductoras, Post Quir\u00fargicas, Post Parto","publisher":{"@id":"https:\/\/beautifullcostadelsol.com\/#organization"},"potentialAction":[{"@type":"SearchAction","target":{"@type":"EntryPoint","urlTemplate":"https:\/\/beautifullcostadelsol.com\/?s={search_term_string}"},"query-input":{"@type":"PropertyValueSpecification","valueRequired":true,"valueName":"search_term_string"}}],"inLanguage":"es"},{"@type":"Organization","@id":"https:\/\/beautifullcostadelsol.com\/#organization","name":"Fajas Colombianas Beautifull Costa del Sol","url":"https:\/\/beautifullcostadelsol.com\/","logo":{"@type":"ImageObject","inLanguage":"es","@id":"https:\/\/beautifullcostadelsol.com\/#\/schema\/logo\/image\/","url":"","contentUrl":"","caption":"Fajas Colombianas Beautifull Costa del Sol"},"image":{"@id":"https:\/\/beautifullcostadelsol.com\/#\/schema\/logo\/image\/"}}]}},"_links":{"self":[{"href":"https:\/\/beautifullcostadelsol.com\/index.php\/wp-json\/wp\/v2\/product\/542"}],"collection":[{"href":"https:\/\/beautifullcostadelsol.com\/index.php\/wp-json\/wp\/v2\/product"}],"about":[{"href":"https:\/\/beautifullcostadelsol.com\/index.php\/wp-json\/wp\/v2\/types\/product"}],"replies":[{"embeddable":true,"href":"https:\/\/beautifullcostadelsol.com\/index.php\/wp-json\/wp\/v2\/comments?post=542"}],"wp:featuredmedia":[{"embeddable":true,"href":"https:\/\/beautifullcostadelsol.com\/index.php\/wp-json\/wp\/v2\/media\/549"}],"wp:attachment":[{"href":"https:\/\/beautifullcostadelsol.com\/index.php\/wp-json\/wp\/v2\/media?parent=542"}],"wp:term":[{"taxonomy":"product_cat","embeddable":true,"href":"https:\/\/beautifullcostadelsol.com\/index.php\/wp-json\/wp\/v2\/product_cat?post=542"},{"taxonomy":"product_tag","embeddable":true,"href":"https:\/\/beautifullcostadelsol.com\/index.php\/wp-json\/wp\/v2\/product_tag?post=542"}],"curies":[{"name":"wp","href":"https:\/\/api.w.org\/{rel}","templated":true}]}}