{"id":686,"date":"2023-11-01T20:08:37","date_gmt":"2023-11-01T19:08:37","guid":{"rendered":"https:\/\/beautifullcostadelsol.com\/?post_type=product&#038;p=686"},"modified":"2024-02-09T00:33:22","modified_gmt":"2024-02-08T23:33:22","slug":"levantacola-extra-corto-talle-alto","status":"publish","type":"product","link":"https:\/\/beautifullcostadelsol.com\/index.php\/product\/levantacola-extra-corto-talle-alto\/","title":{"rendered":"Levantacola Extra Corto Talle Alto"},"content":{"rendered":"<p>Estos shorts han sido meticulosamente dise\u00f1ados para ayudarte a lograr la figura que siempre has deseado, realzando tus gl\u00fateos y moldeando tu silueta para que brilles con confianza en cualquier ocasi\u00f3n.<\/p>\n<p>El secreto de nuestros shorts levantacola extra cortos talle alto radica en su confecci\u00f3n con los mejores materiales, garantizando durabilidad y comodidad incomparables. Cada costura y detalle ha sido cuidadosamente pensado para ofrecerte una experiencia \u00fanica. Adem\u00e1s, su dise\u00f1o extra corto y talle alto te permite utilizarlos con cualquier tipo de prenda sin preocuparte por que se note, brind\u00e1ndote la libertad de vestirte como prefieras.<\/p>\n<p>No esperes m\u00e1s para sentirte segura y confiada. Con nuestros shorts levantacola extra cortos talle alto, descubrir\u00e1s una nueva versi\u00f3n de ti misma. Siente el poder de una figura esculpida y resalta tus atributos con estos shorts excepcionales. Transforma tu estilo y eleva tu confianza con nuestras fajas colombianas originales. No solo es ropa interior, es una experiencia transformadora que te har\u00e1 sentir incre\u00edblemente segura y hermosa.<\/p>\n","protected":false},"excerpt":{"rendered":"<p>Descubre la verdadera magia de nuestras fajas colombianas originales, ahora disponibles en Espa\u00f1a. Presentamos los mejores shorts levantacola extra cortos talle alto, dentro de nuestra selecci\u00f3n de las mejores fajas reductoras colombianas.<\/p>\n","protected":false},"featured_media":691,"comment_status":"open","ping_status":"closed","template":"","meta":{"_joinchat":[]},"product_cat":[77,56,83],"product_tag":[58,69,85,88],"yoast_head":"<!-- This site is optimized with the Yoast SEO plugin v23.5 - https:\/\/yoast.com\/wordpress\/plugins\/seo\/ -->\n<title>Levantacola Extra Corto Talle Alto - Fajas Colombianas Beautifull Costa del Sol<\/title>\n<meta name=\"robots\" content=\"index, follow, max-snippet:-1, max-image-preview:large, max-video-preview:-1\" \/>\n<link rel=\"canonical\" href=\"https:\/\/beautifullcostadelsol.com\/index.php\/product\/levantacola-extra-corto-talle-alto\/\" \/>\n<meta property=\"og:locale\" content=\"es_ES\" \/>\n<meta property=\"og:type\" content=\"article\" \/>\n<meta property=\"og:title\" content=\"Levantacola Extra Corto Talle Alto - Fajas Colombianas Beautifull Costa del Sol\" \/>\n<meta property=\"og:description\" content=\"Descubre la verdadera magia de nuestras fajas colombianas originales, ahora disponibles en Espa\u00f1a. Presentamos los mejores shorts levantacola extra cortos talle alto, dentro de nuestra selecci\u00f3n de las mejores fajas reductoras colombianas.\" \/>\n<meta property=\"og:url\" content=\"https:\/\/beautifullcostadelsol.com\/index.php\/product\/levantacola-extra-corto-talle-alto\/\" \/>\n<meta property=\"og:site_name\" content=\"Fajas Colombianas Beautifull Costa del Sol\" \/>\n<meta property=\"article:modified_time\" content=\"2024-02-08T23:33:22+00:00\" \/>\n<meta property=\"og:image\" content=\"https:\/\/beautifullcostadelsol.com\/wp-content\/uploads\/2023\/11\/levantacola-extra-corto-a-la-cintura-beige.png\" \/>\n\t<meta property=\"og:image:width\" content=\"915\" \/>\n\t<meta property=\"og:image:height\" content=\"1109\" \/>\n\t<meta property=\"og:image:type\" content=\"image\/png\" \/>\n<meta name=\"twitter:card\" content=\"summary_large_image\" \/>\n<meta name=\"twitter:label1\" content=\"Tiempo de lectura\" \/>\n\t<meta name=\"twitter:data1\" content=\"1 minuto\" \/>\n<script type=\"application\/ld+json\" class=\"yoast-schema-graph\">{\"@context\":\"https:\/\/schema.org\",\"@graph\":[{\"@type\":\"WebPage\",\"@id\":\"https:\/\/beautifullcostadelsol.com\/index.php\/product\/levantacola-extra-corto-talle-alto\/\",\"url\":\"https:\/\/beautifullcostadelsol.com\/index.php\/product\/levantacola-extra-corto-talle-alto\/\",\"name\":\"Levantacola Extra Corto Talle Alto - Fajas Colombianas Beautifull Costa del Sol\",\"isPartOf\":{\"@id\":\"https:\/\/beautifullcostadelsol.com\/#website\"},\"primaryImageOfPage\":{\"@id\":\"https:\/\/beautifullcostadelsol.com\/index.php\/product\/levantacola-extra-corto-talle-alto\/#primaryimage\"},\"image\":{\"@id\":\"https:\/\/beautifullcostadelsol.com\/index.php\/product\/levantacola-extra-corto-talle-alto\/#primaryimage\"},\"thumbnailUrl\":\"https:\/\/beautifullcostadelsol.com\/wp-content\/uploads\/2023\/11\/levantacola-extra-corto-a-la-cintura-beige.png\",\"datePublished\":\"2023-11-01T19:08:37+00:00\",\"dateModified\":\"2024-02-08T23:33:22+00:00\",\"breadcrumb\":{\"@id\":\"https:\/\/beautifullcostadelsol.com\/index.php\/product\/levantacola-extra-corto-talle-alto\/#breadcrumb\"},\"inLanguage\":\"es\",\"potentialAction\":[{\"@type\":\"ReadAction\",\"target\":[\"https:\/\/beautifullcostadelsol.com\/index.php\/product\/levantacola-extra-corto-talle-alto\/\"]}]},{\"@type\":\"ImageObject\",\"inLanguage\":\"es\",\"@id\":\"https:\/\/beautifullcostadelsol.com\/index.php\/product\/levantacola-extra-corto-talle-alto\/#primaryimage\",\"url\":\"https:\/\/beautifullcostadelsol.com\/wp-content\/uploads\/2023\/11\/levantacola-extra-corto-a-la-cintura-beige.png\",\"contentUrl\":\"https:\/\/beautifullcostadelsol.com\/wp-content\/uploads\/2023\/11\/levantacola-extra-corto-a-la-cintura-beige.png\",\"width\":915,\"height\":1109,\"caption\":\"fajas moldeadoras fajas colombianas fajas reductoras para vestidos fajas colombianas madrid fajas reductoras de cintura y abdomen la mejor faja para disimular barriga fajas colombianas amazon fajas reductoras abdomen fajas reductoras de abdomen decathlon fajas colombianas en espa\u00f1a fajas colombianas originales fajas colombianas salome fajas reductoras abdomen intimissimi fajas colombianas el corte ingl\u00e9s fajas moldeadoras colombianas fajas colombianas reductoras abdomen las mejores fajas reductoras colombianas fajas colombianas baratas fajas colombianas post operatorias fajas reductoras de cintura y abdomen colombianas fajas colombianas en sevilla fajas moldeadoras para vestidos fajas moldeadoras amazon fajas moldeadoras primark fajas reductoras de cintura y abdomen para hombres fajas reductoras de cintura y abdomen amazon fajas moldeadoras de cintura fajas moldeadoras hombre fajas colombianas fajas colombianas reductoras fajas reductoras colombianas fajas colombianas en madrid fajas colombianas madrid amazon fajas colombianas fajas colombianas amazon fajas colombianas en amazon fajas colombianas en barcelona fajas colombianas barcelona fajas colombianas en espa\u00f1a fajas colombianas espa\u00f1a fajas colombianas originales fajas colombianas antes y despu\u00e9s fajas colombianas antes y despues fajas colombianas salome salome fajas colombianas fajas moldeadoras colombianas fajas colombianas moldeadoras fajas postparto colombianas fajas colombianas en valencia fajas colombianas postparto fajas post parto colombianas fajas colombianas contrareembolso fajas colombianas valencia fajas colombianas tenerife fajas colombianas leonisa tienda de fajas fajas post quirurgicas faja abdominal postoperatoria faja abdominal mujer abdominoplastia faja muy apretada es bueno usar faja para hernia umbilical faja para hernia abdominal mujer faja post operatoria farmacia faja umbilical adulto farmacia faja hernia umbilical farmacia faja tubular abdominal postoperatoria faja abdominal postoperatoria mujer faja post quir\u00fargica abdominal fajas post operatorias abdominoplastia fajas post operatorias lipoescultura faja abdominal decathlon faja abdominoplastia ortopedia mejores fajas post liposucci\u00f3n faja post operatoria hernia umbilical faja post liposucci\u00f3n piernas faja liposucci\u00f3n mujer faja para hernia umbilical adultos fajas abdominales postoperatorias para hombres fajas postquirurgicas espa\u00f1a faja abdominoplastia voe faja abdominal postoperatoria para que sirve faja post quir\u00fargica abdominoplastia fajas post operatorias espa\u00f1a faja post liposucci\u00f3n cu\u00e1nto tiempo ortopedia fajas liposucci\u00f3n fajas post operatorias barcelona fajas post parto fajas colombianas fajas post operatorio fajas post parto ces\u00e1rea faja postparto tubular faja postparto farmacia faja post ces\u00e1rea farmacia fajas post parto tubulares fajas postparto farmacia faja tubular decathlon mejor faja postparto mejores fajas post parto fajas postparto para recuperar la figura faja tubular abdominal faja tubular farmacia faja post parto chicco a los cuantos d\u00edas despu\u00e9s del parto puedo usar faja faja postparto chicco fajas post parto colombianas faja embarazo carrefour faja postparto carrefour las mejores fajas reductoras colombianas fajas post parto ces\u00e1rea opiniones faja postparto opiniones fajas post parto opiniones fajas post parto amazon faja postparto prenatal faja tubular postoperatoria faja despu\u00e9s del parto si o no faja postparto el corte ingl\u00e9s mejor faja postparto ces\u00e1rea faja postparto ces\u00e1rea farmacia faja postparto farmalastic faja tubular postparto ces\u00e1rea faja postparto cesarea amazon fajas post parto farmacia sujetadores postoperatorio sujetador postoperatorio farmacia sujetador postoperatorio dorsia me aprieta mucho el sujetador postoperatorio sujetador postoperatorio recomendado mejor sujetador postoperatorio aumento pecho\"},{\"@type\":\"BreadcrumbList\",\"@id\":\"https:\/\/beautifullcostadelsol.com\/index.php\/product\/levantacola-extra-corto-talle-alto\/#breadcrumb\",\"itemListElement\":[{\"@type\":\"ListItem\",\"position\":1,\"name\":\"Portada\",\"item\":\"https:\/\/beautifullcostadelsol.com\/\"},{\"@type\":\"ListItem\",\"position\":2,\"name\":\"Tienda\",\"item\":\"https:\/\/beautifullcostadelsol.com\/index.php\/tienda\/\"},{\"@type\":\"ListItem\",\"position\":3,\"name\":\"Levantacola Extra Corto Talle Alto\"}]},{\"@type\":\"WebSite\",\"@id\":\"https:\/\/beautifullcostadelsol.com\/#website\",\"url\":\"https:\/\/beautifullcostadelsol.com\/\",\"name\":\"Fajas Colombianas Beautifull Costa del Sol\",\"description\":\"Moldeadoras, Reductoras, Post Quir\u00fargicas, Post Parto\",\"publisher\":{\"@id\":\"https:\/\/beautifullcostadelsol.com\/#organization\"},\"potentialAction\":[{\"@type\":\"SearchAction\",\"target\":{\"@type\":\"EntryPoint\",\"urlTemplate\":\"https:\/\/beautifullcostadelsol.com\/?s={search_term_string}\"},\"query-input\":{\"@type\":\"PropertyValueSpecification\",\"valueRequired\":true,\"valueName\":\"search_term_string\"}}],\"inLanguage\":\"es\"},{\"@type\":\"Organization\",\"@id\":\"https:\/\/beautifullcostadelsol.com\/#organization\",\"name\":\"Fajas Colombianas Beautifull Costa del Sol\",\"url\":\"https:\/\/beautifullcostadelsol.com\/\",\"logo\":{\"@type\":\"ImageObject\",\"inLanguage\":\"es\",\"@id\":\"https:\/\/beautifullcostadelsol.com\/#\/schema\/logo\/image\/\",\"url\":\"\",\"contentUrl\":\"\",\"caption\":\"Fajas Colombianas Beautifull Costa del Sol\"},\"image\":{\"@id\":\"https:\/\/beautifullcostadelsol.com\/#\/schema\/logo\/image\/\"}}]}<\/script>\n<!-- \/ Yoast SEO plugin. -->","yoast_head_json":{"title":"Levantacola Extra Corto Talle Alto - Fajas Colombianas Beautifull Costa del Sol","robots":{"index":"index","follow":"follow","max-snippet":"max-snippet:-1","max-image-preview":"max-image-preview:large","max-video-preview":"max-video-preview:-1"},"canonical":"https:\/\/beautifullcostadelsol.com\/index.php\/product\/levantacola-extra-corto-talle-alto\/","og_locale":"es_ES","og_type":"article","og_title":"Levantacola Extra Corto Talle Alto - Fajas Colombianas Beautifull Costa del Sol","og_description":"Descubre la verdadera magia de nuestras fajas colombianas originales, ahora disponibles en Espa\u00f1a. Presentamos los mejores shorts levantacola extra cortos talle alto, dentro de nuestra selecci\u00f3n de las mejores fajas reductoras colombianas.","og_url":"https:\/\/beautifullcostadelsol.com\/index.php\/product\/levantacola-extra-corto-talle-alto\/","og_site_name":"Fajas Colombianas Beautifull Costa del Sol","article_modified_time":"2024-02-08T23:33:22+00:00","og_image":[{"width":915,"height":1109,"url":"https:\/\/beautifullcostadelsol.com\/wp-content\/uploads\/2023\/11\/levantacola-extra-corto-a-la-cintura-beige.png","type":"image\/png"}],"twitter_card":"summary_large_image","twitter_misc":{"Tiempo de lectura":"1 minuto"},"schema":{"@context":"https:\/\/schema.org","@graph":[{"@type":"WebPage","@id":"https:\/\/beautifullcostadelsol.com\/index.php\/product\/levantacola-extra-corto-talle-alto\/","url":"https:\/\/beautifullcostadelsol.com\/index.php\/product\/levantacola-extra-corto-talle-alto\/","name":"Levantacola Extra Corto Talle Alto - Fajas Colombianas Beautifull Costa del Sol","isPartOf":{"@id":"https:\/\/beautifullcostadelsol.com\/#website"},"primaryImageOfPage":{"@id":"https:\/\/beautifullcostadelsol.com\/index.php\/product\/levantacola-extra-corto-talle-alto\/#primaryimage"},"image":{"@id":"https:\/\/beautifullcostadelsol.com\/index.php\/product\/levantacola-extra-corto-talle-alto\/#primaryimage"},"thumbnailUrl":"https:\/\/beautifullcostadelsol.com\/wp-content\/uploads\/2023\/11\/levantacola-extra-corto-a-la-cintura-beige.png","datePublished":"2023-11-01T19:08:37+00:00","dateModified":"2024-02-08T23:33:22+00:00","breadcrumb":{"@id":"https:\/\/beautifullcostadelsol.com\/index.php\/product\/levantacola-extra-corto-talle-alto\/#breadcrumb"},"inLanguage":"es","potentialAction":[{"@type":"ReadAction","target":["https:\/\/beautifullcostadelsol.com\/index.php\/product\/levantacola-extra-corto-talle-alto\/"]}]},{"@type":"ImageObject","inLanguage":"es","@id":"https:\/\/beautifullcostadelsol.com\/index.php\/product\/levantacola-extra-corto-talle-alto\/#primaryimage","url":"https:\/\/beautifullcostadelsol.com\/wp-content\/uploads\/2023\/11\/levantacola-extra-corto-a-la-cintura-beige.png","contentUrl":"https:\/\/beautifullcostadelsol.com\/wp-content\/uploads\/2023\/11\/levantacola-extra-corto-a-la-cintura-beige.png","width":915,"height":1109,"caption":"fajas moldeadoras fajas colombianas fajas reductoras para vestidos fajas colombianas madrid fajas reductoras de cintura y abdomen la mejor faja para disimular barriga fajas colombianas amazon fajas reductoras abdomen fajas reductoras de abdomen decathlon fajas colombianas en espa\u00f1a fajas colombianas originales fajas colombianas salome fajas reductoras abdomen intimissimi fajas colombianas el corte ingl\u00e9s fajas moldeadoras colombianas fajas colombianas reductoras abdomen las mejores fajas reductoras colombianas fajas colombianas baratas fajas colombianas post operatorias fajas reductoras de cintura y abdomen colombianas fajas colombianas en sevilla fajas moldeadoras para vestidos fajas moldeadoras amazon fajas moldeadoras primark fajas reductoras de cintura y abdomen para hombres fajas reductoras de cintura y abdomen amazon fajas moldeadoras de cintura fajas moldeadoras hombre fajas colombianas fajas colombianas reductoras fajas reductoras colombianas fajas colombianas en madrid fajas colombianas madrid amazon fajas colombianas fajas colombianas amazon fajas colombianas en amazon fajas colombianas en barcelona fajas colombianas barcelona fajas colombianas en espa\u00f1a fajas colombianas espa\u00f1a fajas colombianas originales fajas colombianas antes y despu\u00e9s fajas colombianas antes y despues fajas colombianas salome salome fajas colombianas fajas moldeadoras colombianas fajas colombianas moldeadoras fajas postparto colombianas fajas colombianas en valencia fajas colombianas postparto fajas post parto colombianas fajas colombianas contrareembolso fajas colombianas valencia fajas colombianas tenerife fajas colombianas leonisa tienda de fajas fajas post quirurgicas faja abdominal postoperatoria faja abdominal mujer abdominoplastia faja muy apretada es bueno usar faja para hernia umbilical faja para hernia abdominal mujer faja post operatoria farmacia faja umbilical adulto farmacia faja hernia umbilical farmacia faja tubular abdominal postoperatoria faja abdominal postoperatoria mujer faja post quir\u00fargica abdominal fajas post operatorias abdominoplastia fajas post operatorias lipoescultura faja abdominal decathlon faja abdominoplastia ortopedia mejores fajas post liposucci\u00f3n faja post operatoria hernia umbilical faja post liposucci\u00f3n piernas faja liposucci\u00f3n mujer faja para hernia umbilical adultos fajas abdominales postoperatorias para hombres fajas postquirurgicas espa\u00f1a faja abdominoplastia voe faja abdominal postoperatoria para que sirve faja post quir\u00fargica abdominoplastia fajas post operatorias espa\u00f1a faja post liposucci\u00f3n cu\u00e1nto tiempo ortopedia fajas liposucci\u00f3n fajas post operatorias barcelona fajas post parto fajas colombianas fajas post operatorio fajas post parto ces\u00e1rea faja postparto tubular faja postparto farmacia faja post ces\u00e1rea farmacia fajas post parto tubulares fajas postparto farmacia faja tubular decathlon mejor faja postparto mejores fajas post parto fajas postparto para recuperar la figura faja tubular abdominal faja tubular farmacia faja post parto chicco a los cuantos d\u00edas despu\u00e9s del parto puedo usar faja faja postparto chicco fajas post parto colombianas faja embarazo carrefour faja postparto carrefour las mejores fajas reductoras colombianas fajas post parto ces\u00e1rea opiniones faja postparto opiniones fajas post parto opiniones fajas post parto amazon faja postparto prenatal faja tubular postoperatoria faja despu\u00e9s del parto si o no faja postparto el corte ingl\u00e9s mejor faja postparto ces\u00e1rea faja postparto ces\u00e1rea farmacia faja postparto farmalastic faja tubular postparto ces\u00e1rea faja postparto cesarea amazon fajas post parto farmacia sujetadores postoperatorio sujetador postoperatorio farmacia sujetador postoperatorio dorsia me aprieta mucho el sujetador postoperatorio sujetador postoperatorio recomendado mejor sujetador postoperatorio aumento pecho"},{"@type":"BreadcrumbList","@id":"https:\/\/beautifullcostadelsol.com\/index.php\/product\/levantacola-extra-corto-talle-alto\/#breadcrumb","itemListElement":[{"@type":"ListItem","position":1,"name":"Portada","item":"https:\/\/beautifullcostadelsol.com\/"},{"@type":"ListItem","position":2,"name":"Tienda","item":"https:\/\/beautifullcostadelsol.com\/index.php\/tienda\/"},{"@type":"ListItem","position":3,"name":"Levantacola Extra Corto Talle Alto"}]},{"@type":"WebSite","@id":"https:\/\/beautifullcostadelsol.com\/#website","url":"https:\/\/beautifullcostadelsol.com\/","name":"Fajas Colombianas Beautifull Costa del Sol","description":"Moldeadoras, Reductoras, Post Quir\u00fargicas, Post Parto","publisher":{"@id":"https:\/\/beautifullcostadelsol.com\/#organization"},"potentialAction":[{"@type":"SearchAction","target":{"@type":"EntryPoint","urlTemplate":"https:\/\/beautifullcostadelsol.com\/?s={search_term_string}"},"query-input":{"@type":"PropertyValueSpecification","valueRequired":true,"valueName":"search_term_string"}}],"inLanguage":"es"},{"@type":"Organization","@id":"https:\/\/beautifullcostadelsol.com\/#organization","name":"Fajas Colombianas Beautifull Costa del Sol","url":"https:\/\/beautifullcostadelsol.com\/","logo":{"@type":"ImageObject","inLanguage":"es","@id":"https:\/\/beautifullcostadelsol.com\/#\/schema\/logo\/image\/","url":"","contentUrl":"","caption":"Fajas Colombianas Beautifull Costa del Sol"},"image":{"@id":"https:\/\/beautifullcostadelsol.com\/#\/schema\/logo\/image\/"}}]}},"_links":{"self":[{"href":"https:\/\/beautifullcostadelsol.com\/index.php\/wp-json\/wp\/v2\/product\/686"}],"collection":[{"href":"https:\/\/beautifullcostadelsol.com\/index.php\/wp-json\/wp\/v2\/product"}],"about":[{"href":"https:\/\/beautifullcostadelsol.com\/index.php\/wp-json\/wp\/v2\/types\/product"}],"replies":[{"embeddable":true,"href":"https:\/\/beautifullcostadelsol.com\/index.php\/wp-json\/wp\/v2\/comments?post=686"}],"wp:featuredmedia":[{"embeddable":true,"href":"https:\/\/beautifullcostadelsol.com\/index.php\/wp-json\/wp\/v2\/media\/691"}],"wp:attachment":[{"href":"https:\/\/beautifullcostadelsol.com\/index.php\/wp-json\/wp\/v2\/media?parent=686"}],"wp:term":[{"taxonomy":"product_cat","embeddable":true,"href":"https:\/\/beautifullcostadelsol.com\/index.php\/wp-json\/wp\/v2\/product_cat?post=686"},{"taxonomy":"product_tag","embeddable":true,"href":"https:\/\/beautifullcostadelsol.com\/index.php\/wp-json\/wp\/v2\/product_tag?post=686"}],"curies":[{"name":"wp","href":"https:\/\/api.w.org\/{rel}","templated":true}]}}